{"id":2851,"date":"2021-04-22T17:06:36","date_gmt":"2021-04-22T15:06:36","guid":{"rendered":"http:\/\/hotel-mignon.com\/?page_id=2851"},"modified":"2023-09-25T14:06:19","modified_gmt":"2023-09-25T12:06:19","slug":"mentions-legales","status":"publish","type":"page","link":"https:\/\/hotel-mignon.com\/es\/mentions-legales\/","title":{"rendered":"Menciones legales,"},"content":{"rendered":"<div data-elementor-type=\"wp-page\" data-elementor-id=\"2851\" class=\"elementor elementor-2851\" data-elementor-post-type=\"page\">\n\t\t\t\t\t\t<section class=\"elementor-section elementor-top-section elementor-element elementor-element-8a55b2a elementor-section-full_width elementor-section-height-default elementor-section-height-default\" data-id=\"8a55b2a\" data-element_type=\"section\" data-e-type=\"section\">\n\t\t\t\t\t\t<div class=\"elementor-container elementor-column-gap-default\">\n\t\t\t\t\t<div class=\"elementor-column elementor-col-100 elementor-top-column elementor-element elementor-element-6b93116\" data-id=\"6b93116\" data-element_type=\"column\" data-e-type=\"column\">\n\t\t\t<div class=\"elementor-widget-wrap elementor-element-populated\">\n\t\t\t\t\t\t<section class=\"elementor-section elementor-inner-section elementor-element elementor-element-45b5bb4 elementor-section-full_width elementor-section-height-default elementor-section-height-default\" data-id=\"45b5bb4\" data-element_type=\"section\" data-e-type=\"section\">\n\t\t\t\t\t\t<div class=\"elementor-container elementor-column-gap-default\">\n\t\t\t\t\t<div class=\"elementor-column elementor-col-100 elementor-inner-column elementor-element elementor-element-467fed6\" data-id=\"467fed6\" data-element_type=\"column\" data-e-type=\"column\">\n\t\t\t<div class=\"elementor-widget-wrap elementor-element-populated\">\n\t\t\t\t\t\t<div class=\"elementor-element elementor-element-bdb4981 elementor-widget elementor-widget-heading\" data-id=\"bdb4981\" data-element_type=\"widget\" data-e-type=\"widget\" data-widget_type=\"heading.default\">\n\t\t\t\t<div class=\"elementor-widget-container\">\n\t\t\t\t\t<h2 class=\"elementor-heading-title elementor-size-default\">MENTIONS L\u00c9GALES<\/h2>\t\t\t\t<\/div>\n\t\t\t\t<\/div>\n\t\t\t\t\t<\/div>\n\t\t<\/div>\n\t\t\t\t\t<\/div>\n\t\t<\/section>\n\t\t\t\t<section class=\"elementor-section elementor-inner-section elementor-element elementor-element-fdbdc01 elementor-section-full_width elementor-section-height-default elementor-section-height-default\" data-id=\"fdbdc01\" data-element_type=\"section\" data-e-type=\"section\">\n\t\t\t\t\t\t<div class=\"elementor-container elementor-column-gap-default\">\n\t\t\t\t\t<div class=\"elementor-column elementor-col-50 elementor-inner-column elementor-element elementor-element-64ea19b\" data-id=\"64ea19b\" data-element_type=\"column\" data-e-type=\"column\">\n\t\t\t<div class=\"elementor-widget-wrap elementor-element-populated\">\n\t\t\t\t\t\t<div class=\"elementor-element elementor-element-e05fbec elementor-widget elementor-widget-text-editor\" data-id=\"e05fbec\" data-element_type=\"widget\" data-e-type=\"widget\" data-widget_type=\"text-editor.default\">\n\t\t\t\t<div class=\"elementor-widget-container\">\n\t\t\t\t\t\t\t\t\t<h2><span style=\"color: #b32f00; font-family: Jost; font-weight: 500; font-size: 1.7rem;\">Confidentialit\u00e9<\/span><\/h2>\nCABO BLANCO &#8211; HOTEL MIGNON n&rsquo;enregistre pas d&rsquo;informations personnelles permettant l&rsquo;identification, \u00e0 l&rsquo;exception des formulaires que l&rsquo;utilisateur est libre de remplir. Ces informations ne seront pas utilis\u00e9es sans votre accord, nous les utiliserons seulement pour vous adresser des courriers, des brochures, des devis ou vous contacter.\n\nLes informations recueillies sur les sites b\u00e9n\u00e9ficient de la protection de la loi \u00ab\u00a0Informatique et Libert\u00e9s\u00a0\u00bb n\u00b0 78-17 du 06 janvier 1978. Elles b\u00e9n\u00e9ficient d&rsquo;un droit d&rsquo;acc\u00e8s, de rectification, d&rsquo;opposition \u00e0 communication et de suppression sur simple demande \u00e0 CABO BLANCO &#8211; HOTEL MIGNON, 12 Rue Joseph Vernet, 84000 AVIGNON.\n\nCABO BLANCO &#8211; HOTEL MIGNON pourra proc\u00e9der \u00e0 des analyses statistiques sans que celles-ci soient nominatives et pourra en informer des tiers (organismes d&rsquo;\u00e9valuation de fr\u00e9quentation) sous une forme r\u00e9sum\u00e9e et non nominative.\t\t\t\t\t\t\t\t<\/div>\n\t\t\t\t<\/div>\n\t\t\t\t<div class=\"elementor-element elementor-element-e9e1c37 elementor-widget elementor-widget-text-editor\" data-id=\"e9e1c37\" data-element_type=\"widget\" data-e-type=\"widget\" data-widget_type=\"text-editor.default\">\n\t\t\t\t<div class=\"elementor-widget-container\">\n\t\t\t\t\t\t\t\t\t<h2><span style=\"color: #b32f00; font-family: Jost; font-weight: 500; font-size: 1.7rem;\">R\u00e8glement g\u00e9n\u00e9ral sur la protection des donn\u00e9es (RGPD)<\/span><\/h2><p>CABO BLANCO &#8211; HOTEL MIGNON s&rsquo;engage \u00e0 ce que la collecte et le traitement de vos donn\u00e9es, effectu\u00e9s \u00e0 partir du site\u00a0<a href=\"https:\/\/hotel-mignon.com\/es\/index.html\/\"><strong><span style=\"color: #000000;\">http:\/\/hotel-mignon.com\/<\/span><\/strong><\/a>, soient conformes au r\u00e8glement g\u00e9n\u00e9ral sur la protection des donn\u00e9es (RGPD). Chaque formulaire ou t\u00e9l\u00e9service limite la collecte des donn\u00e9es personnelles au strict n\u00e9cessaire (minimisation des donn\u00e9es) et indique notamment :<\/p><ul><li>quels sont les objectifs du recueil de ces donn\u00e9es,<\/li><li>si ces donn\u00e9es sont obligatoires ou facultatives pour la gestion de votre demande,<\/li><li>qui pourra en prendre connaissance (uniquement CABO BLANCO &#8211; HOTEL MIGNON en principe, sauf pr\u00e9cision dans le formulaire lorsqu&rsquo;une transmission \u00e0 un tiers est n\u00e9cessaire \u00e0 la gestion de votre demande),<\/li><\/ul><p>Les donn\u00e9es personnelles recueillies dans le cadre des services propos\u00e9s sur\u00a0<a href=\"http:\/\/hotel-mignon.com\/es\/\"><strong><span style=\"color: #000000;\">http:\/\/hotel-mignon.com\/<\/span><\/strong><\/a>\u00a0sont trait\u00e9es selon des protocoles s\u00e9curis\u00e9s et permettent \u00e0 CABO BLANCO &#8211; HOTEL MIGNON de g\u00e9rer les demandes re\u00e7ues dans ses applications informatiques.<\/p><p>Pour toute information ou exercice de vos droits Informatique et Libert\u00e9s sur les traitements de donn\u00e9es personnelles g\u00e9r\u00e9s par CABO BLANCO &#8211; HOTEL MIGNON, vous pouvez contacter CABO BLANCO &#8211; HOTEL MIGNON et \u00e9ventuellement son d\u00e9l\u00e9gu\u00e9 \u00e0 la protection des donn\u00e9es (DPO), si distingu\u00e9.<\/p>\t\t\t\t\t\t\t\t<\/div>\n\t\t\t\t<\/div>\n\t\t\t\t\t<\/div>\n\t\t<\/div>\n\t\t\t\t<div class=\"elementor-column elementor-col-50 elementor-inner-column elementor-element elementor-element-d2a1449\" data-id=\"d2a1449\" data-element_type=\"column\" data-e-type=\"column\">\n\t\t\t<div class=\"elementor-widget-wrap elementor-element-populated\">\n\t\t\t\t\t\t<div class=\"elementor-element elementor-element-1d4fc6d elementor-widget elementor-widget-text-editor\" data-id=\"1d4fc6d\" data-element_type=\"widget\" data-e-type=\"widget\" data-widget_type=\"text-editor.default\">\n\t\t\t\t<div class=\"elementor-widget-container\">\n\t\t\t\t\t\t\t\t\t<h2><span style=\"color: #b32f00; font-family: Jost; font-weight: 500; font-size: 1.7rem;\">Utilisation de cookies<\/span><\/h2><p>Les cookies permettent d\u2019enregistrer les informations (non personnelles) relatives \u00e0 la navigation des utilisateurs sur internet. Les cookies d\u00e9pos\u00e9s par Linkeo ont pour objectif l\u2019am\u00e9lioration de l\u2019exp\u00e9rience de navigation des visiteurs ainsi que l\u2019optimisation des statistiques. Ceux-ci ne seront utilis\u00e9s que dans le cadre de votre navigation sur le site\u00a0<strong><span style=\"color: #000000;\"><a style=\"color: #000000;\" href=\"https:\/\/hotel-mignon.com\/es\/index.html\/\">http:\/\/hotel-mignon.com<\/a><\/span><\/strong><\/p>\t\t\t\t\t\t\t\t<\/div>\n\t\t\t\t<\/div>\n\t\t\t\t<div class=\"elementor-element elementor-element-dee07d5 elementor-widget elementor-widget-text-editor\" data-id=\"dee07d5\" data-element_type=\"widget\" data-e-type=\"widget\" data-widget_type=\"text-editor.default\">\n\t\t\t\t<div class=\"elementor-widget-container\">\n\t\t\t\t\t\t\t\t\t<h2><span style=\"color: #b32f00; font-family: Jost; font-weight: 500; font-size: 1.7rem;\">Liens hypertexte<\/span><\/h2>\nCABO BLANCO &#8211; HOTEL MIGNON ne contr\u00f4le pas les sites en connexion avec le sien, et ne saurait donc \u00eatre responsable de leur contenu. Les risques li\u00e9s \u00e0 l&rsquo;utilisation de ces sites incombent pleinement \u00e0 l&rsquo;utilisateur. Il se conformera \u00e0 leurs conditions d&rsquo;utilisation.\t\t\t\t\t\t\t\t<\/div>\n\t\t\t\t<\/div>\n\t\t\t\t<div class=\"elementor-element elementor-element-e4cee90 elementor-widget elementor-widget-text-editor\" data-id=\"e4cee90\" data-element_type=\"widget\" data-e-type=\"widget\" data-widget_type=\"text-editor.default\">\n\t\t\t\t<div class=\"elementor-widget-container\">\n\t\t\t\t\t\t\t\t\t<h2><span style=\"color: #b32f00; font-family: Jost; font-weight: 500; font-size: 1.7rem;\">R\u00e9clamation<\/span><\/h2>\n<p>Toute r\u00e9clamation doit \u00eatre faite par \u00e9crit. Nous privil\u00e9gions la recherche d&rsquo;une solution amiable. En cas de d\u00e9saccord, le client peut saisir le M\u00e9diateur du Tourisme et Voyage dont les conditions et modalit\u00e9s de saisine sont disponibles sur son site www.mtv.travel.<\/p>\t\t\t\t\t\t\t\t<\/div>\n\t\t\t\t<\/div>\n\t\t\t\t<div class=\"elementor-element elementor-element-93ef854 elementor-widget elementor-widget-text-editor\" data-id=\"93ef854\" data-element_type=\"widget\" data-e-type=\"widget\" data-widget_type=\"text-editor.default\">\n\t\t\t\t<div class=\"elementor-widget-container\">\n\t\t\t\t\t\t\t\t\t<h2><span style=\"color: #b32f00; font-family: Jost; font-weight: 500; font-size: 1.7rem;\">\u00c9diteur<\/span><\/h2>\nCABO BLANCO &#8211; HOTEL MIGNON<br>\nRCS : 81047478300018<br>\nSi\u00e8ge social : 12 Rue Joseph\nVernet, 84000 AVIGNON.<br>\nN\u00b0 de t\u00e9l\u00e9phone : 04 90 82 17 30<br>\nN\u00b0 de Fax :\t\t\t\t\t\t\t\t<\/div>\n\t\t\t\t<\/div>\n\t\t\t\t\t<\/div>\n\t\t<\/div>\n\t\t\t\t\t<\/div>\n\t\t<\/section>\n\t\t\t\t\t<\/div>\n\t\t<\/div>\n\t\t\t\t\t<\/div>\n\t\t<\/section>\n\t\t\t\t<\/div>","protected":false},"excerpt":{"rendered":"<p>MENTIONS L\u00c9GALES Confidentialit\u00e9 CABO BLANCO &#8211; HOTEL MIGNON n&rsquo;enregistre pas d&rsquo;informations personnelles permettant l&rsquo;identification, \u00e0 l&rsquo;exception des formulaires que l&rsquo;utilisateur est libre de remplir. Ces informations ne seront pas utilis\u00e9es sans votre accord, nous les utiliserons seulement pour vous adresser des courriers, des brochures, des devis ou vous contacter. Les informations recueillies sur les sites [&hellip;]<\/p>\n","protected":false},"author":1,"featured_media":0,"parent":0,"menu_order":0,"comment_status":"closed","ping_status":"closed","template":"","meta":{"footnotes":""},"class_list":["post-2851","page","type-page","status-publish","hentry"],"yoast_head":"<!-- This site is optimized with the Yoast SEO plugin v27.4 - https:\/\/yoast.com\/product\/yoast-seo-wordpress\/ -->\n<title>Mentions l\u00e9gales - H\u00f4tel Mignon<\/title>\n<meta name=\"description\" content=\"Mentions l\u00e9gales\" \/>\n<meta name=\"robots\" content=\"index, follow, max-snippet:-1, max-image-preview:large, max-video-preview:-1\" \/>\n<link rel=\"canonical\" href=\"https:\/\/hotel-mignon.com\/es\/mentions-legales\/\" \/>\n<meta property=\"og:locale\" content=\"es_ES\" \/>\n<meta property=\"og:type\" content=\"article\" \/>\n<meta property=\"og:title\" content=\"Mentions l\u00e9gales - H\u00f4tel Mignon\" \/>\n<meta property=\"og:description\" content=\"Mentions l\u00e9gales\" \/>\n<meta property=\"og:url\" content=\"https:\/\/hotel-mignon.com\/es\/mentions-legales\/\" \/>\n<meta property=\"og:site_name\" content=\"H\u00f4tel Mignon\" \/>\n<meta property=\"article:publisher\" content=\"https:\/\/www.facebook.com\/profile.php?id=100063617651045\" \/>\n<meta property=\"article:modified_time\" content=\"2023-09-25T12:06:19+00:00\" \/>\n<meta name=\"twitter:card\" content=\"summary_large_image\" \/>\n<meta name=\"twitter:label1\" content=\"Tiempo de lectura\" \/>\n\t<meta name=\"twitter:data1\" content=\"2 minutos\" \/>\n<script type=\"application\/ld+json\" class=\"yoast-schema-graph\">{\"@context\":\"https:\\\/\\\/schema.org\",\"@graph\":[{\"@type\":\"WebPage\",\"@id\":\"https:\\\/\\\/hotel-mignon.com\\\/mentions-legales\\\/\",\"url\":\"https:\\\/\\\/hotel-mignon.com\\\/mentions-legales\\\/\",\"name\":\"Mentions l\u00e9gales - H\u00f4tel Mignon\",\"isPartOf\":{\"@id\":\"https:\\\/\\\/hotel-mignon.com\\\/#website\"},\"datePublished\":\"2021-04-22T15:06:36+00:00\",\"dateModified\":\"2023-09-25T12:06:19+00:00\",\"description\":\"Mentions l\u00e9gales\",\"breadcrumb\":{\"@id\":\"https:\\\/\\\/hotel-mignon.com\\\/mentions-legales\\\/#breadcrumb\"},\"inLanguage\":\"es\",\"potentialAction\":[{\"@type\":\"ReadAction\",\"target\":[\"https:\\\/\\\/hotel-mignon.com\\\/mentions-legales\\\/\"]}]},{\"@type\":\"BreadcrumbList\",\"@id\":\"https:\\\/\\\/hotel-mignon.com\\\/mentions-legales\\\/#breadcrumb\",\"itemListElement\":[{\"@type\":\"ListItem\",\"position\":1,\"name\":\"Accueil\",\"item\":\"https:\\\/\\\/hotel-mignon.com\\\/\"},{\"@type\":\"ListItem\",\"position\":2,\"name\":\"Mentions l\u00e9gales\"}]},{\"@type\":\"WebSite\",\"@id\":\"https:\\\/\\\/hotel-mignon.com\\\/#website\",\"url\":\"https:\\\/\\\/hotel-mignon.com\\\/\",\"name\":\"H\u00f4tel Mignon\",\"description\":\"Entre h\u00f4tel et chambre d\u2019h\u00f4te, l&#039;H\u00f4tel Mignon vous accueille dans un cadre unique en plein centre ville d&#039;Avignon.\",\"publisher\":{\"@id\":\"https:\\\/\\\/hotel-mignon.com\\\/#organization\"},\"potentialAction\":[{\"@type\":\"SearchAction\",\"target\":{\"@type\":\"EntryPoint\",\"urlTemplate\":\"https:\\\/\\\/hotel-mignon.com\\\/?s={search_term_string}\"},\"query-input\":{\"@type\":\"PropertyValueSpecification\",\"valueRequired\":true,\"valueName\":\"search_term_string\"}}],\"inLanguage\":\"es\"},{\"@type\":\"Organization\",\"@id\":\"https:\\\/\\\/hotel-mignon.com\\\/#organization\",\"name\":\"H\u00f4tel Mignon\",\"url\":\"https:\\\/\\\/hotel-mignon.com\\\/\",\"logo\":{\"@type\":\"ImageObject\",\"inLanguage\":\"es\",\"@id\":\"https:\\\/\\\/hotel-mignon.com\\\/#\\\/schema\\\/logo\\\/image\\\/\",\"url\":\"https:\\\/\\\/hotel-mignon.com\\\/wp-content\\\/uploads\\\/2021\\\/05\\\/logo-batisse-noir-new-transp-MASTER.png\",\"contentUrl\":\"https:\\\/\\\/hotel-mignon.com\\\/wp-content\\\/uploads\\\/2021\\\/05\\\/logo-batisse-noir-new-transp-MASTER.png\",\"width\":2596,\"height\":2960,\"caption\":\"H\u00f4tel Mignon\"},\"image\":{\"@id\":\"https:\\\/\\\/hotel-mignon.com\\\/#\\\/schema\\\/logo\\\/image\\\/\"},\"sameAs\":[\"https:\\\/\\\/www.facebook.com\\\/profile.php?id=100063617651045\",\"https:\\\/\\\/www.instagram.com\\\/hotel.mignon\\\/\"]}]}<\/script>\n<!-- \/ Yoast SEO plugin. -->","yoast_head_json":{"title":"Mentions l\u00e9gales - H\u00f4tel Mignon","description":"Menciones legales,","robots":{"index":"index","follow":"follow","max-snippet":"max-snippet:-1","max-image-preview":"max-image-preview:large","max-video-preview":"max-video-preview:-1"},"canonical":"https:\/\/hotel-mignon.com\/es\/mentions-legales\/","og_locale":"es_ES","og_type":"article","og_title":"Mentions l\u00e9gales - H\u00f4tel Mignon","og_description":"Mentions l\u00e9gales","og_url":"https:\/\/hotel-mignon.com\/es\/mentions-legales\/","og_site_name":"H\u00f4tel Mignon","article_publisher":"https:\/\/www.facebook.com\/profile.php?id=100063617651045","article_modified_time":"2023-09-25T12:06:19+00:00","twitter_card":"summary_large_image","twitter_misc":{"Tiempo de lectura":"2 minutos"},"schema":{"@context":"https:\/\/schema.org","@graph":[{"@type":"WebPage","@id":"https:\/\/hotel-mignon.com\/mentions-legales\/","url":"https:\/\/hotel-mignon.com\/mentions-legales\/","name":"Mentions l\u00e9gales - H\u00f4tel Mignon","isPartOf":{"@id":"https:\/\/hotel-mignon.com\/#website"},"datePublished":"2021-04-22T15:06:36+00:00","dateModified":"2023-09-25T12:06:19+00:00","description":"Menciones legales,","breadcrumb":{"@id":"https:\/\/hotel-mignon.com\/mentions-legales\/#breadcrumb"},"inLanguage":"es","potentialAction":[{"@type":"ReadAction","target":["https:\/\/hotel-mignon.com\/mentions-legales\/"]}]},{"@type":"BreadcrumbList","@id":"https:\/\/hotel-mignon.com\/mentions-legales\/#breadcrumb","itemListElement":[{"@type":"ListItem","position":1,"name":"Accueil","item":"https:\/\/hotel-mignon.com\/"},{"@type":"ListItem","position":2,"name":"Mentions l\u00e9gales"}]},{"@type":"WebSite","@id":"https:\/\/hotel-mignon.com\/#website","url":"https:\/\/hotel-mignon.com\/","name":"H\u00f4tel Mignon","description":"Entre h\u00f4tel et chambre d\u2019h\u00f4te, l&#039;H\u00f4tel Mignon vous accueille dans un cadre unique en plein centre ville d&#039;Avignon.","publisher":{"@id":"https:\/\/hotel-mignon.com\/#organization"},"potentialAction":[{"@type":"SearchAction","target":{"@type":"EntryPoint","urlTemplate":"https:\/\/hotel-mignon.com\/?s={search_term_string}"},"query-input":{"@type":"PropertyValueSpecification","valueRequired":true,"valueName":"search_term_string"}}],"inLanguage":"es"},{"@type":"Organization","@id":"https:\/\/hotel-mignon.com\/#organization","name":"H\u00f4tel Mignon","url":"https:\/\/hotel-mignon.com\/","logo":{"@type":"ImageObject","inLanguage":"es","@id":"https:\/\/hotel-mignon.com\/#\/schema\/logo\/image\/","url":"https:\/\/hotel-mignon.com\/wp-content\/uploads\/2021\/05\/logo-batisse-noir-new-transp-MASTER.png","contentUrl":"https:\/\/hotel-mignon.com\/wp-content\/uploads\/2021\/05\/logo-batisse-noir-new-transp-MASTER.png","width":2596,"height":2960,"caption":"H\u00f4tel Mignon"},"image":{"@id":"https:\/\/hotel-mignon.com\/#\/schema\/logo\/image\/"},"sameAs":["https:\/\/www.facebook.com\/profile.php?id=100063617651045","https:\/\/www.instagram.com\/hotel.mignon\/"]}]}},"_links":{"self":[{"href":"https:\/\/hotel-mignon.com\/es\/wp-json\/wp\/v2\/pages\/2851","targetHints":{"allow":["GET"]}}],"collection":[{"href":"https:\/\/hotel-mignon.com\/es\/wp-json\/wp\/v2\/pages"}],"about":[{"href":"https:\/\/hotel-mignon.com\/es\/wp-json\/wp\/v2\/types\/page"}],"author":[{"embeddable":true,"href":"https:\/\/hotel-mignon.com\/es\/wp-json\/wp\/v2\/users\/1"}],"replies":[{"embeddable":true,"href":"https:\/\/hotel-mignon.com\/es\/wp-json\/wp\/v2\/comments?post=2851"}],"version-history":[{"count":19,"href":"https:\/\/hotel-mignon.com\/es\/wp-json\/wp\/v2\/pages\/2851\/revisions"}],"predecessor-version":[{"id":4669,"href":"https:\/\/hotel-mignon.com\/es\/wp-json\/wp\/v2\/pages\/2851\/revisions\/4669"}],"wp:attachment":[{"href":"https:\/\/hotel-mignon.com\/es\/wp-json\/wp\/v2\/media?parent=2851"}],"curies":[{"name":"wp","href":"https:\/\/api.w.org\/{rel}","templated":true}]}}