{"id":4475,"date":"2022-08-24T00:14:58","date_gmt":"2022-08-23T22:14:58","guid":{"rendered":"https:\/\/hotel-mignon.com\/?page_id=4475"},"modified":"2022-08-25T03:19:48","modified_gmt":"2022-08-25T01:19:48","slug":"mignon-circuit-mont-ventoux","status":"publish","type":"page","link":"https:\/\/hotel-mignon.com\/en\/mignon-circuit-mont-ventoux\/","title":{"rendered":"Circuit Mont Ventoux"},"content":{"rendered":"<div data-elementor-type=\"wp-page\" data-elementor-id=\"4475\" class=\"elementor elementor-4475\" data-elementor-post-type=\"page\">\n\t\t\t\t\t\t<section class=\"elementor-section elementor-top-section elementor-element elementor-element-dbb13ba elementor-section-full_width elementor-section-height-default elementor-section-height-default\" data-id=\"dbb13ba\" data-element_type=\"section\" data-e-type=\"section\">\n\t\t\t\t\t\t<div class=\"elementor-container elementor-column-gap-no\">\n\t\t\t\t\t<div class=\"elementor-column elementor-col-100 elementor-top-column elementor-element elementor-element-20fc805\" data-id=\"20fc805\" data-element_type=\"column\" data-e-type=\"column\">\n\t\t\t<div class=\"elementor-widget-wrap elementor-element-populated\">\n\t\t\t\t\t\t<section class=\"elementor-section elementor-inner-section elementor-element elementor-element-0419603 elementor-section-full_width elementor-section-height-default elementor-section-height-default\" data-id=\"0419603\" data-element_type=\"section\" data-e-type=\"section\" data-settings=\"{&quot;background_background&quot;:&quot;classic&quot;}\">\n\t\t\t\t\t\t<div class=\"elementor-container elementor-column-gap-default\">\n\t\t\t\t\t<div class=\"elementor-column elementor-col-100 elementor-inner-column elementor-element elementor-element-92c5bcd\" data-id=\"92c5bcd\" data-element_type=\"column\" data-e-type=\"column\">\n\t\t\t<div class=\"elementor-widget-wrap elementor-element-populated\">\n\t\t\t\t\t\t<div class=\"elementor-element elementor-element-f9671f1 AccesText elementor-widget elementor-widget-text-editor\" data-id=\"f9671f1\" data-element_type=\"widget\" data-e-type=\"widget\" data-widget_type=\"text-editor.default\">\n\t\t\t\t<div class=\"elementor-widget-container\">\n\t\t\t\t\t\t\t\t\t<h1 style=\"font-family: Jost; text-align: center; font-size: 2.rem; line-height: 2.5rem;\"><span style=\"font-size: 2.8rem;\"><span style=\"color: #ffffff;\">CIRCUIT MONT VENTOUX &#8211; NORD <br \/><\/span><\/span><\/h1><h1 style=\"font-family: 'Andellia Davilton'; text-align: center; font-size: 2.1rem; line-height: 2.5rem;\"><span style=\"color: #ddce8a; font-weight: normal; font-size: 4rem;\">Les meilleurs spectacles naturels, arch\u00e9ologiques et oenologiques de la r\u00e9gion.<br \/><\/span><\/h1><div><span style=\"font-weight: normal; color: #ddce8a;\">\u00a0<\/span><\/div><div><span style=\"font-weight: normal; color: #ffffff;\">\u00a0<\/span><\/div><p style=\"font-size: 1.4rem; text-align-last: center; line-height: 2rem; text-align: center;\"><span style=\"color: #ffffff;\">&#8211; Carpentras : Cath\u00e9drale St Siffrein du S XV.<br \/><\/span><\/p><p style=\"font-size: 1.4rem; text-align-last: center; line-height: 2rem; text-align: center;\"><span style=\"color: #ffffff;\">&#8211; Mon Ventoux: 1912m d&rsquo;altitude. Jolie ballade, mont\u00e9e en v\u00e9lo possible.<\/span><\/p><p style=\"font-size: 1.4rem; text-align-last: center; line-height: 2rem; text-align: center;\"><span style=\"color: #ffffff;\">&#8211; Vaison la Romaine : vous y trouverez d&rsquo;importants vestiges Romains.<\/span><\/p><p><span style=\"color: #ffffff;\">&#8211; Orange: Visitez le Th\u00e9\u00e2tre Antique et l&rsquo;Arc du Triomphe.<\/span><\/p><p style=\"font-size: 1.4rem; text-align-last: center; line-height: 2rem; text-align: center;\"><span style=\"color: #ffffff;\">&#8211;\u00a0 Visites Oenologiques: D\u00e9gustez les fameux Ch\u00e2teauneuf du Pape, Gigondas, Vaqueyras, etc.\u00a0 <\/span><\/p><p><span style=\"color: #ffffff;\">&#8211; Possibilit\u00e9 de faire une vir\u00e9e vers les Gorges de l&rsquo;Ardeche.<\/span><\/p>\t\t\t\t\t\t\t\t<\/div>\n\t\t\t\t<\/div>\n\t\t\t\t\t<\/div>\n\t\t<\/div>\n\t\t\t\t\t<\/div>\n\t\t<\/section>\n\t\t\t\t\t<\/div>\n\t\t<\/div>\n\t\t\t\t\t<\/div>\n\t\t<\/section>\n\t\t\t\t<section class=\"elementor-section elementor-top-section elementor-element elementor-element-bb124c3 elementor-section-full_width elementor-section-height-default elementor-section-height-default\" data-id=\"bb124c3\" data-element_type=\"section\" data-e-type=\"section\">\n\t\t\t\t\t\t<div class=\"elementor-container elementor-column-gap-no\">\n\t\t\t\t\t<div class=\"elementor-column elementor-col-100 elementor-top-column elementor-element elementor-element-e82192f\" data-id=\"e82192f\" data-element_type=\"column\" data-e-type=\"column\">\n\t\t\t<div class=\"elementor-widget-wrap elementor-element-populated\">\n\t\t\t\t\t\t<section class=\"elementor-section elementor-inner-section elementor-element elementor-element-b2ec3db elementor-section-full_width elementor-section-height-default elementor-section-height-default\" data-id=\"b2ec3db\" data-element_type=\"section\" data-e-type=\"section\">\n\t\t\t\t\t\t<div class=\"elementor-container elementor-column-gap-no\">\n\t\t\t\t\t<div class=\"elementor-column elementor-col-100 elementor-inner-column elementor-element elementor-element-f215d5b\" data-id=\"f215d5b\" data-element_type=\"column\" data-e-type=\"column\">\n\t\t\t<div class=\"elementor-widget-wrap elementor-element-populated\">\n\t\t\t\t\t\t<div class=\"elementor-element elementor-element-255cfd7 elementor-widget elementor-widget-image\" data-id=\"255cfd7\" data-element_type=\"widget\" data-e-type=\"widget\" data-widget_type=\"image.default\">\n\t\t\t\t<div class=\"elementor-widget-container\">\n\t\t\t\t\t\t\t\t\t\t\t\t\t\t\t\t<a href=\"https:\/\/www.google.com\/maps\/dir\/\/hotel+mignon\/@43.9728091,4.7897081,12z\/data=!4m8!4m7!1m0!1m5!1m1!1s0x12b5eb85b6a24da9:0x6ad2c876df576cb8!2m2!1d4.803807!2d43.9497832\" target=\"_blank\">\n\t\t\t\t\t\t\t<img fetchpriority=\"high\" decoding=\"async\" width=\"800\" height=\"600\" src=\"https:\/\/hotel-mignon.com\/wp-content\/uploads\/2022\/08\/Circuit-Mont-Ventoux-1.jpg\" class=\"attachment-large size-large wp-image-4480\" alt=\"Circuit oenologique\" srcset=\"https:\/\/hotel-mignon.com\/wp-content\/uploads\/2022\/08\/Circuit-Mont-Ventoux-1.jpg 960w, https:\/\/hotel-mignon.com\/wp-content\/uploads\/2022\/08\/Circuit-Mont-Ventoux-1-300x225.jpg 300w, https:\/\/hotel-mignon.com\/wp-content\/uploads\/2022\/08\/Circuit-Mont-Ventoux-1-768x576.jpg 768w, https:\/\/hotel-mignon.com\/wp-content\/uploads\/2022\/08\/Circuit-Mont-Ventoux-1-16x12.jpg 16w\" sizes=\"(max-width: 800px) 100vw, 800px\" \/>\t\t\t\t\t\t\t\t<\/a>\n\t\t\t\t\t\t\t\t\t\t\t\t\t\t\t<\/div>\n\t\t\t\t<\/div>\n\t\t\t\t\t<\/div>\n\t\t<\/div>\n\t\t\t\t\t<\/div>\n\t\t<\/section>\n\t\t\t\t\t<\/div>\n\t\t<\/div>\n\t\t\t\t\t<\/div>\n\t\t<\/section>\n\t\t\t\t<\/div>","protected":false},"excerpt":{"rendered":"<p>CIRCUIT MONT VENTOUX &#8211; NORD Les meilleurs spectacles naturels, arch\u00e9ologiques et oenologiques de la r\u00e9gion. \u00a0\u00a0 &#8211; Carpentras : Cath\u00e9drale St Siffrein du S XV. &#8211; Mon Ventoux: 1912m d&rsquo;altitude. Jolie ballade, mont\u00e9e en v\u00e9lo possible. &#8211; Vaison la Romaine : vous y trouverez d&rsquo;importants vestiges Romains. &#8211; Orange: Visitez le Th\u00e9\u00e2tre Antique et l&rsquo;Arc [&hellip;]<\/p>\n","protected":false},"author":2,"featured_media":0,"parent":0,"menu_order":0,"comment_status":"closed","ping_status":"closed","template":"","meta":{"footnotes":""},"class_list":["post-4475","page","type-page","status-publish","hentry"],"yoast_head":"<!-- This site is optimized with the Yoast SEO plugin v27.4 - https:\/\/yoast.com\/product\/yoast-seo-wordpress\/ -->\n<title>Avignon-Acc\u00e8s-Parking-Train-Centreville<\/title>\n<meta name=\"description\" content=\"Vous pouvez arriver \u00e0 l&#039;H\u00f4tel Mignon par train ou voiture. Il y a plusieurs possibilit\u00e9s de parking aux alentours\" \/>\n<meta name=\"robots\" content=\"index, follow, max-snippet:-1, max-image-preview:large, max-video-preview:-1\" \/>\n<link rel=\"canonical\" href=\"https:\/\/hotel-mignon.com\/en\/mignon-circuit-mont-ventoux\/\" \/>\n<meta property=\"og:locale\" content=\"en_GB\" \/>\n<meta property=\"og:type\" content=\"article\" \/>\n<meta property=\"og:title\" content=\"Avignon-Acc\u00e8s-Parking-Train-Centreville\" \/>\n<meta property=\"og:description\" content=\"Vous pouvez arriver \u00e0 l&#039;H\u00f4tel Mignon par train ou voiture. Il y a plusieurs possibilit\u00e9s de parking aux alentours\" \/>\n<meta property=\"og:url\" content=\"https:\/\/hotel-mignon.com\/en\/mignon-circuit-mont-ventoux\/\" \/>\n<meta property=\"og:site_name\" content=\"H\u00f4tel Mignon\" \/>\n<meta property=\"article:publisher\" content=\"https:\/\/www.facebook.com\/profile.php?id=100063617651045\" \/>\n<meta property=\"article:modified_time\" content=\"2022-08-25T01:19:48+00:00\" \/>\n<meta property=\"og:image\" content=\"https:\/\/hotel-mignon.com\/wp-content\/uploads\/2022\/08\/Circuit-Mont-Ventoux-1.jpg\" \/>\n<meta name=\"twitter:card\" content=\"summary_large_image\" \/>\n<meta name=\"twitter:label1\" content=\"Estimated reading time\" \/>\n\t<meta name=\"twitter:data1\" content=\"1 minute\" \/>\n<script type=\"application\/ld+json\" class=\"yoast-schema-graph\">{\"@context\":\"https:\\\/\\\/schema.org\",\"@graph\":[{\"@type\":\"WebPage\",\"@id\":\"https:\\\/\\\/hotel-mignon.com\\\/mignon-circuit-mont-ventoux\\\/\",\"url\":\"https:\\\/\\\/hotel-mignon.com\\\/mignon-circuit-mont-ventoux\\\/\",\"name\":\"Avignon-Acc\u00e8s-Parking-Train-Centreville\",\"isPartOf\":{\"@id\":\"https:\\\/\\\/hotel-mignon.com\\\/#website\"},\"primaryImageOfPage\":{\"@id\":\"https:\\\/\\\/hotel-mignon.com\\\/mignon-circuit-mont-ventoux\\\/#primaryimage\"},\"image\":{\"@id\":\"https:\\\/\\\/hotel-mignon.com\\\/mignon-circuit-mont-ventoux\\\/#primaryimage\"},\"thumbnailUrl\":\"https:\\\/\\\/hotel-mignon.com\\\/wp-content\\\/uploads\\\/2022\\\/08\\\/Circuit-Mont-Ventoux-1.jpg\",\"datePublished\":\"2022-08-23T22:14:58+00:00\",\"dateModified\":\"2022-08-25T01:19:48+00:00\",\"description\":\"Vous pouvez arriver \u00e0 l'H\u00f4tel Mignon par train ou voiture. Il y a plusieurs possibilit\u00e9s de parking aux alentours\",\"breadcrumb\":{\"@id\":\"https:\\\/\\\/hotel-mignon.com\\\/mignon-circuit-mont-ventoux\\\/#breadcrumb\"},\"inLanguage\":\"en-GB\",\"potentialAction\":[{\"@type\":\"ReadAction\",\"target\":[\"https:\\\/\\\/hotel-mignon.com\\\/mignon-circuit-mont-ventoux\\\/\"]}]},{\"@type\":\"ImageObject\",\"inLanguage\":\"en-GB\",\"@id\":\"https:\\\/\\\/hotel-mignon.com\\\/mignon-circuit-mont-ventoux\\\/#primaryimage\",\"url\":\"https:\\\/\\\/hotel-mignon.com\\\/wp-content\\\/uploads\\\/2022\\\/08\\\/Circuit-Mont-Ventoux-1.jpg\",\"contentUrl\":\"https:\\\/\\\/hotel-mignon.com\\\/wp-content\\\/uploads\\\/2022\\\/08\\\/Circuit-Mont-Ventoux-1.jpg\"},{\"@type\":\"BreadcrumbList\",\"@id\":\"https:\\\/\\\/hotel-mignon.com\\\/mignon-circuit-mont-ventoux\\\/#breadcrumb\",\"itemListElement\":[{\"@type\":\"ListItem\",\"position\":1,\"name\":\"Accueil\",\"item\":\"https:\\\/\\\/hotel-mignon.com\\\/\"},{\"@type\":\"ListItem\",\"position\":2,\"name\":\"Acc\u00e8s\"}]},{\"@type\":\"WebSite\",\"@id\":\"https:\\\/\\\/hotel-mignon.com\\\/#website\",\"url\":\"https:\\\/\\\/hotel-mignon.com\\\/\",\"name\":\"H\u00f4tel Mignon\",\"description\":\"Entre h\u00f4tel et chambre d\u2019h\u00f4te, l&#039;H\u00f4tel Mignon vous accueille dans un cadre unique en plein centre ville d&#039;Avignon.\",\"publisher\":{\"@id\":\"https:\\\/\\\/hotel-mignon.com\\\/#organization\"},\"potentialAction\":[{\"@type\":\"SearchAction\",\"target\":{\"@type\":\"EntryPoint\",\"urlTemplate\":\"https:\\\/\\\/hotel-mignon.com\\\/?s={search_term_string}\"},\"query-input\":{\"@type\":\"PropertyValueSpecification\",\"valueRequired\":true,\"valueName\":\"search_term_string\"}}],\"inLanguage\":\"en-GB\"},{\"@type\":\"Organization\",\"@id\":\"https:\\\/\\\/hotel-mignon.com\\\/#organization\",\"name\":\"H\u00f4tel Mignon\",\"url\":\"https:\\\/\\\/hotel-mignon.com\\\/\",\"logo\":{\"@type\":\"ImageObject\",\"inLanguage\":\"en-GB\",\"@id\":\"https:\\\/\\\/hotel-mignon.com\\\/#\\\/schema\\\/logo\\\/image\\\/\",\"url\":\"https:\\\/\\\/hotel-mignon.com\\\/wp-content\\\/uploads\\\/2021\\\/05\\\/logo-batisse-noir-new-transp-MASTER.png\",\"contentUrl\":\"https:\\\/\\\/hotel-mignon.com\\\/wp-content\\\/uploads\\\/2021\\\/05\\\/logo-batisse-noir-new-transp-MASTER.png\",\"width\":2596,\"height\":2960,\"caption\":\"H\u00f4tel Mignon\"},\"image\":{\"@id\":\"https:\\\/\\\/hotel-mignon.com\\\/#\\\/schema\\\/logo\\\/image\\\/\"},\"sameAs\":[\"https:\\\/\\\/www.facebook.com\\\/profile.php?id=100063617651045\",\"https:\\\/\\\/www.instagram.com\\\/hotel.mignon\\\/\"]}]}<\/script>\n<!-- \/ Yoast SEO plugin. -->","yoast_head_json":{"title":"Avignon-Acc\u00e8s-Parking-Train-Centreville","description":"Vous pouvez arriver \u00e0 l'H\u00f4tel Mignon par train ou voiture. Il y a plusieurs possibilit\u00e9s de parking aux alentours","robots":{"index":"index","follow":"follow","max-snippet":"max-snippet:-1","max-image-preview":"max-image-preview:large","max-video-preview":"max-video-preview:-1"},"canonical":"https:\/\/hotel-mignon.com\/en\/mignon-circuit-mont-ventoux\/","og_locale":"en_GB","og_type":"article","og_title":"Avignon-Acc\u00e8s-Parking-Train-Centreville","og_description":"Vous pouvez arriver \u00e0 l'H\u00f4tel Mignon par train ou voiture. Il y a plusieurs possibilit\u00e9s de parking aux alentours","og_url":"https:\/\/hotel-mignon.com\/en\/mignon-circuit-mont-ventoux\/","og_site_name":"H\u00f4tel Mignon","article_publisher":"https:\/\/www.facebook.com\/profile.php?id=100063617651045","article_modified_time":"2022-08-25T01:19:48+00:00","og_image":[{"url":"https:\/\/hotel-mignon.com\/wp-content\/uploads\/2022\/08\/Circuit-Mont-Ventoux-1.jpg","type":"","width":"","height":""}],"twitter_card":"summary_large_image","twitter_misc":{"Estimated reading time":"1 minute"},"schema":{"@context":"https:\/\/schema.org","@graph":[{"@type":"WebPage","@id":"https:\/\/hotel-mignon.com\/mignon-circuit-mont-ventoux\/","url":"https:\/\/hotel-mignon.com\/mignon-circuit-mont-ventoux\/","name":"Avignon-Acc\u00e8s-Parking-Train-Centreville","isPartOf":{"@id":"https:\/\/hotel-mignon.com\/#website"},"primaryImageOfPage":{"@id":"https:\/\/hotel-mignon.com\/mignon-circuit-mont-ventoux\/#primaryimage"},"image":{"@id":"https:\/\/hotel-mignon.com\/mignon-circuit-mont-ventoux\/#primaryimage"},"thumbnailUrl":"https:\/\/hotel-mignon.com\/wp-content\/uploads\/2022\/08\/Circuit-Mont-Ventoux-1.jpg","datePublished":"2022-08-23T22:14:58+00:00","dateModified":"2022-08-25T01:19:48+00:00","description":"Vous pouvez arriver \u00e0 l'H\u00f4tel Mignon par train ou voiture. Il y a plusieurs possibilit\u00e9s de parking aux alentours","breadcrumb":{"@id":"https:\/\/hotel-mignon.com\/mignon-circuit-mont-ventoux\/#breadcrumb"},"inLanguage":"en-GB","potentialAction":[{"@type":"ReadAction","target":["https:\/\/hotel-mignon.com\/mignon-circuit-mont-ventoux\/"]}]},{"@type":"ImageObject","inLanguage":"en-GB","@id":"https:\/\/hotel-mignon.com\/mignon-circuit-mont-ventoux\/#primaryimage","url":"https:\/\/hotel-mignon.com\/wp-content\/uploads\/2022\/08\/Circuit-Mont-Ventoux-1.jpg","contentUrl":"https:\/\/hotel-mignon.com\/wp-content\/uploads\/2022\/08\/Circuit-Mont-Ventoux-1.jpg"},{"@type":"BreadcrumbList","@id":"https:\/\/hotel-mignon.com\/mignon-circuit-mont-ventoux\/#breadcrumb","itemListElement":[{"@type":"ListItem","position":1,"name":"Accueil","item":"https:\/\/hotel-mignon.com\/"},{"@type":"ListItem","position":2,"name":"Acc\u00e8s"}]},{"@type":"WebSite","@id":"https:\/\/hotel-mignon.com\/#website","url":"https:\/\/hotel-mignon.com\/","name":"H\u00f4tel Mignon","description":"Entre h\u00f4tel et chambre d\u2019h\u00f4te, l&#039;H\u00f4tel Mignon vous accueille dans un cadre unique en plein centre ville d&#039;Avignon.","publisher":{"@id":"https:\/\/hotel-mignon.com\/#organization"},"potentialAction":[{"@type":"SearchAction","target":{"@type":"EntryPoint","urlTemplate":"https:\/\/hotel-mignon.com\/?s={search_term_string}"},"query-input":{"@type":"PropertyValueSpecification","valueRequired":true,"valueName":"search_term_string"}}],"inLanguage":"en-GB"},{"@type":"Organization","@id":"https:\/\/hotel-mignon.com\/#organization","name":"H\u00f4tel Mignon","url":"https:\/\/hotel-mignon.com\/","logo":{"@type":"ImageObject","inLanguage":"en-GB","@id":"https:\/\/hotel-mignon.com\/#\/schema\/logo\/image\/","url":"https:\/\/hotel-mignon.com\/wp-content\/uploads\/2021\/05\/logo-batisse-noir-new-transp-MASTER.png","contentUrl":"https:\/\/hotel-mignon.com\/wp-content\/uploads\/2021\/05\/logo-batisse-noir-new-transp-MASTER.png","width":2596,"height":2960,"caption":"H\u00f4tel Mignon"},"image":{"@id":"https:\/\/hotel-mignon.com\/#\/schema\/logo\/image\/"},"sameAs":["https:\/\/www.facebook.com\/profile.php?id=100063617651045","https:\/\/www.instagram.com\/hotel.mignon\/"]}]}},"_links":{"self":[{"href":"https:\/\/hotel-mignon.com\/en\/wp-json\/wp\/v2\/pages\/4475","targetHints":{"allow":["GET"]}}],"collection":[{"href":"https:\/\/hotel-mignon.com\/en\/wp-json\/wp\/v2\/pages"}],"about":[{"href":"https:\/\/hotel-mignon.com\/en\/wp-json\/wp\/v2\/types\/page"}],"author":[{"embeddable":true,"href":"https:\/\/hotel-mignon.com\/en\/wp-json\/wp\/v2\/users\/2"}],"replies":[{"embeddable":true,"href":"https:\/\/hotel-mignon.com\/en\/wp-json\/wp\/v2\/comments?post=4475"}],"version-history":[{"count":8,"href":"https:\/\/hotel-mignon.com\/en\/wp-json\/wp\/v2\/pages\/4475\/revisions"}],"predecessor-version":[{"id":4484,"href":"https:\/\/hotel-mignon.com\/en\/wp-json\/wp\/v2\/pages\/4475\/revisions\/4484"}],"wp:attachment":[{"href":"https:\/\/hotel-mignon.com\/en\/wp-json\/wp\/v2\/media?parent=4475"}],"curies":[{"name":"wp","href":"https:\/\/api.w.org\/{rel}","templated":true}]}}