{"id":4056,"date":"2021-08-15T19:23:47","date_gmt":"2021-08-15T17:23:47","guid":{"rendered":"https:\/\/hotel-mignon.com\/?page_id=4056"},"modified":"2025-12-13T21:04:55","modified_gmt":"2025-12-13T20:04:55","slug":"accueil","status":"publish","type":"page","link":"https:\/\/hotel-mignon.com\/en\/accueil\/","title":{"rendered":"ACCUEIL"},"content":{"rendered":"<div data-elementor-type=\"wp-page\" data-elementor-id=\"4056\" class=\"elementor elementor-4056\" data-elementor-post-type=\"page\">\n\t\t\t\t\t\t<section class=\"elementor-section elementor-top-section elementor-element elementor-element-4981b0d elementor-section-full_width elementor-section-height-full elementor-section-height-default elementor-section-items-middle\" data-id=\"4981b0d\" data-element_type=\"section\" data-e-type=\"section\" data-settings=\"{&quot;background_background&quot;:&quot;classic&quot;}\">\n\t\t\t\t\t\t<div class=\"elementor-container elementor-column-gap-default\">\n\t\t\t\t\t<div class=\"elementor-column elementor-col-100 elementor-top-column elementor-element elementor-element-af6c159\" data-id=\"af6c159\" data-element_type=\"column\" data-e-type=\"column\">\n\t\t\t<div class=\"elementor-widget-wrap elementor-element-populated\">\n\t\t\t\t\t\t<div class=\"elementor-element elementor-element-bcbc667 elementor-widget elementor-widget-text-editor\" data-id=\"bcbc667\" data-element_type=\"widget\" data-e-type=\"widget\" data-widget_type=\"text-editor.default\">\n\t\t\t\t<div class=\"elementor-widget-container\">\n\t\t\t\t\t\t\t\t\t<h1 style=\"text-align: center; font-size: 2rem; line-height: 2rem;\">Un s\u00e9jour proven\u00e7al<\/h1><p style=\"text-align: center; font-size: 2rem; line-height: 2rem;\"><span style=\"color: #ddce8a; font-weight: 200;\">Your Hotel Mignon welcomes you in the heart of the ancient city of Avignon. Intramuros, you will have all the attractions within walking distance. You will be warmly welcomed in our 14th century building which served as an inn since its erection. We'll be happy to have you with us.<\/span><\/p>\t\t\t\t\t\t\t\t<\/div>\n\t\t\t\t<\/div>\n\t\t\t\t\t<\/div>\n\t\t<\/div>\n\t\t\t\t\t<\/div>\n\t\t<\/section>\n\t\t\t\t<section class=\"elementor-section elementor-top-section elementor-element elementor-element-5f1215e elementor-section-full_width elementor-section-height-default elementor-section-height-default\" data-id=\"5f1215e\" data-element_type=\"section\" data-e-type=\"section\" data-settings=\"{&quot;background_background&quot;:&quot;classic&quot;}\">\n\t\t\t\t\t\t<div class=\"elementor-container elementor-column-gap-no\">\n\t\t\t\t\t<div class=\"elementor-column elementor-col-100 elementor-top-column elementor-element elementor-element-a2fd549\" data-id=\"a2fd549\" data-element_type=\"column\" data-e-type=\"column\">\n\t\t\t<div class=\"elementor-widget-wrap elementor-element-populated\">\n\t\t\t\t\t\t<section class=\"elementor-section elementor-inner-section elementor-element elementor-element-309b844 elementor-section-full_width elementor-section-height-default elementor-section-height-default\" data-id=\"309b844\" data-element_type=\"section\" data-e-type=\"section\">\n\t\t\t\t\t\t<div class=\"elementor-container elementor-column-gap-no\">\n\t\t\t\t\t<div class=\"elementor-column elementor-col-100 elementor-inner-column elementor-element elementor-element-3eaa601\" data-id=\"3eaa601\" data-element_type=\"column\" data-e-type=\"column\">\n\t\t\t<div class=\"elementor-widget-wrap elementor-element-populated\">\n\t\t\t\t\t\t<div class=\"elementor-element elementor-element-edc82a8 nosclients elementor-widget elementor-widget-text-editor\" data-id=\"edc82a8\" data-element_type=\"widget\" data-e-type=\"widget\" data-widget_type=\"text-editor.default\">\n\t\t\t\t<div class=\"elementor-widget-container\">\n\t\t\t\t\t\t\t\t\tOur customer's advises\n<p style=\"font-family: Andellia Davilton;\"><span style=\"color: #ddce8a; font-size: 3rem;\">Your advise counts<\/span><\/p>\t\t\t\t\t\t\t\t<\/div>\n\t\t\t\t<\/div>\n\t\t\t\t\t<\/div>\n\t\t<\/div>\n\t\t\t\t\t<\/div>\n\t\t<\/section>\n\t\t\t\t<section class=\"elementor-section elementor-inner-section elementor-element elementor-element-4aafa79 elementor-section-full_width elementor-section-height-default elementor-section-height-default\" data-id=\"4aafa79\" data-element_type=\"section\" data-e-type=\"section\" data-settings=\"{&quot;background_background&quot;:&quot;classic&quot;}\">\n\t\t\t\t\t\t<div class=\"elementor-container elementor-column-gap-default\">\n\t\t\t\t\t<div class=\"elementor-column elementor-col-100 elementor-inner-column elementor-element elementor-element-c8ec43a\" data-id=\"c8ec43a\" data-element_type=\"column\" data-e-type=\"column\">\n\t\t\t<div class=\"elementor-widget-wrap elementor-element-populated\">\n\t\t\t\t\t\t<div class=\"elementor-element elementor-element-d7f23ff elementor-arrows-position-inside elementor-widget elementor-widget-image-carousel\" data-id=\"d7f23ff\" data-element_type=\"widget\" data-e-type=\"widget\" data-settings=\"{&quot;slides_to_show&quot;:&quot;2&quot;,&quot;navigation&quot;:&quot;arrows&quot;,&quot;slides_to_scroll&quot;:&quot;2&quot;,&quot;autoplay&quot;:&quot;yes&quot;,&quot;pause_on_hover&quot;:&quot;yes&quot;,&quot;pause_on_interaction&quot;:&quot;yes&quot;,&quot;autoplay_speed&quot;:5000,&quot;infinite&quot;:&quot;yes&quot;,&quot;speed&quot;:500}\" data-widget_type=\"image-carousel.default\">\n\t\t\t\t<div class=\"elementor-widget-container\">\n\t\t\t\t\t\t\t<div class=\"elementor-image-carousel-wrapper swiper\" role=\"region\" aria-roledescription=\"carousel\" aria-label=\"Image Carousel\" dir=\"ltr\" data-no-translation-aria-label=\"\">\n\t\t\t<div class=\"elementor-image-carousel swiper-wrapper\" aria-live=\"off\">\n\t\t\t\t\t\t\t\t<div class=\"swiper-slide\" role=\"group\" aria-roledescription=\"slide\" aria-label=\"1 sur 10\" data-no-translation-aria-label=\"\"><figure class=\"swiper-slide-inner\"><img decoding=\"async\" class=\"swiper-slide-image\" src=\"https:\/\/hotel-mignon.com\/wp-content\/uploads\/2021\/04\/Booking-Ana-31.01.2019-750x450.png\" alt=\"Booking Ana 31.01.2019\" \/><\/figure><\/div><div class=\"swiper-slide\" role=\"group\" aria-roledescription=\"slide\" aria-label=\"2 sur 10\" data-no-translation-aria-label=\"\"><figure class=\"swiper-slide-inner\"><img decoding=\"async\" class=\"swiper-slide-image\" src=\"https:\/\/hotel-mignon.com\/wp-content\/uploads\/2021\/04\/Booking-Carmen-18.03.2019-750x450.png\" alt=\"Booking Carmen 18.03.2019\" \/><\/figure><\/div><div class=\"swiper-slide\" role=\"group\" aria-roledescription=\"slide\" aria-label=\"3 sur 10\" data-no-translation-aria-label=\"\"><figure class=\"swiper-slide-inner\"><img decoding=\"async\" class=\"swiper-slide-image\" src=\"https:\/\/hotel-mignon.com\/wp-content\/uploads\/2021\/04\/Booking-Herve-25.10.2018-750x450.png\" alt=\"Booking Herve 25.10.2018\" \/><\/figure><\/div><div class=\"swiper-slide\" role=\"group\" aria-roledescription=\"slide\" aria-label=\"4 sur 10\" data-no-translation-aria-label=\"\"><figure class=\"swiper-slide-inner\"><img decoding=\"async\" class=\"swiper-slide-image\" src=\"https:\/\/hotel-mignon.com\/wp-content\/uploads\/2021\/04\/Booking-Martina-14.07.2019-750x450.png\" alt=\"Booking Martina 14.07.2019\" \/><\/figure><\/div><div class=\"swiper-slide\" role=\"group\" aria-roledescription=\"slide\" aria-label=\"5 sur 10\" data-no-translation-aria-label=\"\"><figure class=\"swiper-slide-inner\"><img decoding=\"async\" class=\"swiper-slide-image\" src=\"https:\/\/hotel-mignon.com\/wp-content\/uploads\/2021\/04\/Booking-Spethen-01.11.2019-750x450.png\" alt=\"Booking Spethen 01.11.2019\" \/><\/figure><\/div><div class=\"swiper-slide\" role=\"group\" aria-roledescription=\"slide\" aria-label=\"6 sur 10\" data-no-translation-aria-label=\"\"><figure class=\"swiper-slide-inner\"><img decoding=\"async\" class=\"swiper-slide-image\" src=\"https:\/\/hotel-mignon.com\/wp-content\/uploads\/2021\/04\/Booking-Veronique-30.05.2019-750x450.png\" alt=\"Booking Veronique 30.05.2019\" \/><\/figure><\/div><div class=\"swiper-slide\" role=\"group\" aria-roledescription=\"slide\" aria-label=\"7 sur 10\" data-no-translation-aria-label=\"\"><figure class=\"swiper-slide-inner\"><img decoding=\"async\" class=\"swiper-slide-image\" src=\"https:\/\/hotel-mignon.com\/wp-content\/uploads\/2021\/04\/Tripadvisor-Calidez-de-la-Atencion-2018-07.png\" alt=\"Tripadvisor Calidez de la Atencion 2018-07\" \/><\/figure><\/div><div class=\"swiper-slide\" role=\"group\" aria-roledescription=\"slide\" aria-label=\"8 sur 10\" data-no-translation-aria-label=\"\"><figure class=\"swiper-slide-inner\"><img decoding=\"async\" class=\"swiper-slide-image\" src=\"https:\/\/hotel-mignon.com\/wp-content\/uploads\/2021\/04\/Tripadvisor-Charme-et-Simplicite-2020-10-750x450.png\" alt=\"Tripadvisor Charme et Simplicite 2020-10\" \/><\/figure><\/div><div class=\"swiper-slide\" role=\"group\" aria-roledescription=\"slide\" aria-label=\"9 sur 10\" data-no-translation-aria-label=\"\"><figure class=\"swiper-slide-inner\"><img decoding=\"async\" class=\"swiper-slide-image\" src=\"https:\/\/hotel-mignon.com\/wp-content\/uploads\/2021\/04\/Tripadvisor-Excelente-Ubicacion-2020-09-750x450.png\" alt=\"Tripadvisor Excelente Ubicacion 2020-09\" \/><\/figure><\/div><div class=\"swiper-slide\" role=\"group\" aria-roledescription=\"slide\" aria-label=\"10 sur 10\" data-no-translation-aria-label=\"\"><figure class=\"swiper-slide-inner\"><img decoding=\"async\" class=\"swiper-slide-image\" src=\"https:\/\/hotel-mignon.com\/wp-content\/uploads\/2021\/04\/Tripadvisor-Great-Stay-2017-10.png\" alt=\"Tripadvisor Great Stay 2017-10\" \/><\/figure><\/div>\t\t\t<\/div>\n\t\t\t\t\t\t\t\t\t\t\t\t<div class=\"elementor-swiper-button elementor-swiper-button-prev\" role=\"button\" tabindex=\"0\">\n\t\t\t\t\t\t<i aria-hidden=\"true\" class=\"eicon-chevron-left\"><\/i>\t\t\t\t\t<\/div>\n\t\t\t\t\t<div class=\"elementor-swiper-button elementor-swiper-button-next\" role=\"button\" tabindex=\"0\">\n\t\t\t\t\t\t<i aria-hidden=\"true\" class=\"eicon-chevron-right\"><\/i>\t\t\t\t\t<\/div>\n\t\t\t\t\n\t\t\t\t\t\t\t\t\t<\/div>\n\t\t\t\t\t\t<\/div>\n\t\t\t\t<\/div>\n\t\t\t\t\t<\/div>\n\t\t<\/div>\n\t\t\t\t\t<\/div>\n\t\t<\/section>\n\t\t\t\t\t<\/div>\n\t\t<\/div>\n\t\t\t\t\t<\/div>\n\t\t<\/section>\n\t\t\t\t<\/div>","protected":false},"excerpt":{"rendered":"<p>Un s\u00e9jour proven\u00e7al Votre H\u00f4tel Mignon vous accueille au c\u0153ur de la ville ancienne d\u2019Avignon. Intramuros, vous aurez toutes les attractions \u00e0 quelques minutes \u00e0 pied. Vous serez accueilli avec grand plaisir dans notre b\u00e2timent du XIV si\u00e8cle qui a servi d\u2019auberge d\u00e8s son \u00e9rection. Nous serons heureux de vous avoir parmi nous. Nos clients [&hellip;]<\/p>\n","protected":false},"author":2,"featured_media":0,"parent":0,"menu_order":0,"comment_status":"closed","ping_status":"closed","template":"","meta":{"footnotes":""},"class_list":["post-4056","page","type-page","status-publish","hentry"],"yoast_head":"<!-- This site is optimized with the Yoast SEO plugin v27.4 - https:\/\/yoast.com\/product\/yoast-seo-wordpress\/ -->\n<title>Intra-muros centre ville Avignon - L&#039;H\u00f4tel Mignon vous accueille<\/title>\n<meta name=\"description\" content=\"L&#039;H\u00f4tel Mignon, au c\u0153ur du centre ville d&#039;Avignon intra-muros, vous r\u00e9serve un accueil chaleureux et personnalis\u00e9 pour ses h\u00f4tes.\" \/>\n<meta name=\"robots\" content=\"index, follow, max-snippet:-1, max-image-preview:large, max-video-preview:-1\" \/>\n<link rel=\"canonical\" href=\"https:\/\/hotel-mignon.com\/en\/accueil\/\" \/>\n<meta property=\"og:locale\" content=\"en_GB\" \/>\n<meta property=\"og:type\" content=\"article\" \/>\n<meta property=\"og:title\" content=\"Intra-muros centre ville Avignon - L&#039;H\u00f4tel Mignon vous accueille\" \/>\n<meta property=\"og:description\" content=\"L&#039;H\u00f4tel Mignon, au c\u0153ur du centre ville d&#039;Avignon intra-muros, vous r\u00e9serve un accueil chaleureux et personnalis\u00e9 pour ses h\u00f4tes.\" \/>\n<meta property=\"og:url\" content=\"https:\/\/hotel-mignon.com\/en\/accueil\/\" \/>\n<meta property=\"og:site_name\" content=\"H\u00f4tel Mignon\" \/>\n<meta property=\"article:publisher\" content=\"https:\/\/www.facebook.com\/profile.php?id=100063617651045\" \/>\n<meta property=\"article:modified_time\" content=\"2025-12-13T20:04:55+00:00\" \/>\n<meta property=\"og:image\" content=\"https:\/\/hotel-mignon.com\/wp-content\/uploads\/2021\/04\/Booking-Ana-31.01.2019-750x450.png\" \/>\n<meta name=\"twitter:card\" content=\"summary_large_image\" \/>\n<meta name=\"twitter:label1\" content=\"Estimated reading time\" \/>\n\t<meta name=\"twitter:data1\" content=\"4 minutes\" \/>\n<script type=\"application\/ld+json\" class=\"yoast-schema-graph\">{\"@context\":\"https:\\\/\\\/schema.org\",\"@graph\":[{\"@type\":\"WebPage\",\"@id\":\"https:\\\/\\\/hotel-mignon.com\\\/accueil\\\/\",\"url\":\"https:\\\/\\\/hotel-mignon.com\\\/accueil\\\/\",\"name\":\"Intra-muros centre ville Avignon - L'H\u00f4tel Mignon vous accueille\",\"isPartOf\":{\"@id\":\"https:\\\/\\\/hotel-mignon.com\\\/#website\"},\"primaryImageOfPage\":{\"@id\":\"https:\\\/\\\/hotel-mignon.com\\\/accueil\\\/#primaryimage\"},\"image\":{\"@id\":\"https:\\\/\\\/hotel-mignon.com\\\/accueil\\\/#primaryimage\"},\"thumbnailUrl\":\"https:\\\/\\\/hotel-mignon.com\\\/wp-content\\\/uploads\\\/2021\\\/04\\\/Booking-Ana-31.01.2019-750x450.png\",\"datePublished\":\"2021-08-15T17:23:47+00:00\",\"dateModified\":\"2025-12-13T20:04:55+00:00\",\"description\":\"L'H\u00f4tel Mignon, au c\u0153ur du centre ville d'Avignon intra-muros, vous r\u00e9serve un accueil chaleureux et personnalis\u00e9 pour ses h\u00f4tes.\",\"breadcrumb\":{\"@id\":\"https:\\\/\\\/hotel-mignon.com\\\/accueil\\\/#breadcrumb\"},\"inLanguage\":\"en-GB\",\"potentialAction\":[{\"@type\":\"ReadAction\",\"target\":[\"https:\\\/\\\/hotel-mignon.com\\\/accueil\\\/\"]}]},{\"@type\":\"ImageObject\",\"inLanguage\":\"en-GB\",\"@id\":\"https:\\\/\\\/hotel-mignon.com\\\/accueil\\\/#primaryimage\",\"url\":\"https:\\\/\\\/hotel-mignon.com\\\/wp-content\\\/uploads\\\/2021\\\/04\\\/Booking-Ana-31.01.2019-750x450.png\",\"contentUrl\":\"https:\\\/\\\/hotel-mignon.com\\\/wp-content\\\/uploads\\\/2021\\\/04\\\/Booking-Ana-31.01.2019-750x450.png\"},{\"@type\":\"BreadcrumbList\",\"@id\":\"https:\\\/\\\/hotel-mignon.com\\\/accueil\\\/#breadcrumb\",\"itemListElement\":[{\"@type\":\"ListItem\",\"position\":1,\"name\":\"Accueil\",\"item\":\"https:\\\/\\\/hotel-mignon.com\\\/\"},{\"@type\":\"ListItem\",\"position\":2,\"name\":\"Accueil\"}]},{\"@type\":\"WebSite\",\"@id\":\"https:\\\/\\\/hotel-mignon.com\\\/#website\",\"url\":\"https:\\\/\\\/hotel-mignon.com\\\/\",\"name\":\"H\u00f4tel Mignon\",\"description\":\"Entre h\u00f4tel et chambre d\u2019h\u00f4te, l&#039;H\u00f4tel Mignon vous accueille dans un cadre unique en plein centre ville d&#039;Avignon.\",\"publisher\":{\"@id\":\"https:\\\/\\\/hotel-mignon.com\\\/#organization\"},\"potentialAction\":[{\"@type\":\"SearchAction\",\"target\":{\"@type\":\"EntryPoint\",\"urlTemplate\":\"https:\\\/\\\/hotel-mignon.com\\\/?s={search_term_string}\"},\"query-input\":{\"@type\":\"PropertyValueSpecification\",\"valueRequired\":true,\"valueName\":\"search_term_string\"}}],\"inLanguage\":\"en-GB\"},{\"@type\":\"Organization\",\"@id\":\"https:\\\/\\\/hotel-mignon.com\\\/#organization\",\"name\":\"H\u00f4tel Mignon\",\"url\":\"https:\\\/\\\/hotel-mignon.com\\\/\",\"logo\":{\"@type\":\"ImageObject\",\"inLanguage\":\"en-GB\",\"@id\":\"https:\\\/\\\/hotel-mignon.com\\\/#\\\/schema\\\/logo\\\/image\\\/\",\"url\":\"https:\\\/\\\/hotel-mignon.com\\\/wp-content\\\/uploads\\\/2021\\\/05\\\/logo-batisse-noir-new-transp-MASTER.png\",\"contentUrl\":\"https:\\\/\\\/hotel-mignon.com\\\/wp-content\\\/uploads\\\/2021\\\/05\\\/logo-batisse-noir-new-transp-MASTER.png\",\"width\":2596,\"height\":2960,\"caption\":\"H\u00f4tel Mignon\"},\"image\":{\"@id\":\"https:\\\/\\\/hotel-mignon.com\\\/#\\\/schema\\\/logo\\\/image\\\/\"},\"sameAs\":[\"https:\\\/\\\/www.facebook.com\\\/profile.php?id=100063617651045\",\"https:\\\/\\\/www.instagram.com\\\/hotel.mignon\\\/\"]}]}<\/script>\n<!-- \/ Yoast SEO plugin. -->","yoast_head_json":{"title":"Intra-muros centre ville Avignon - L'H\u00f4tel Mignon vous accueille","description":"L'H\u00f4tel Mignon, au c\u0153ur du centre ville d'Avignon intra-muros, vous r\u00e9serve un accueil chaleureux et personnalis\u00e9 pour ses h\u00f4tes.","robots":{"index":"index","follow":"follow","max-snippet":"max-snippet:-1","max-image-preview":"max-image-preview:large","max-video-preview":"max-video-preview:-1"},"canonical":"https:\/\/hotel-mignon.com\/en\/accueil\/","og_locale":"en_GB","og_type":"article","og_title":"Intra-muros centre ville Avignon - L'H\u00f4tel Mignon vous accueille","og_description":"L'H\u00f4tel Mignon, au c\u0153ur du centre ville d'Avignon intra-muros, vous r\u00e9serve un accueil chaleureux et personnalis\u00e9 pour ses h\u00f4tes.","og_url":"https:\/\/hotel-mignon.com\/en\/accueil\/","og_site_name":"H\u00f4tel Mignon","article_publisher":"https:\/\/www.facebook.com\/profile.php?id=100063617651045","article_modified_time":"2025-12-13T20:04:55+00:00","og_image":[{"url":"https:\/\/hotel-mignon.com\/wp-content\/uploads\/2021\/04\/Booking-Ana-31.01.2019-750x450.png","type":"","width":"","height":""}],"twitter_card":"summary_large_image","twitter_misc":{"Estimated reading time":"4 minutes"},"schema":{"@context":"https:\/\/schema.org","@graph":[{"@type":"WebPage","@id":"https:\/\/hotel-mignon.com\/accueil\/","url":"https:\/\/hotel-mignon.com\/accueil\/","name":"Intra-muros centre ville Avignon - L'H\u00f4tel Mignon vous accueille","isPartOf":{"@id":"https:\/\/hotel-mignon.com\/#website"},"primaryImageOfPage":{"@id":"https:\/\/hotel-mignon.com\/accueil\/#primaryimage"},"image":{"@id":"https:\/\/hotel-mignon.com\/accueil\/#primaryimage"},"thumbnailUrl":"https:\/\/hotel-mignon.com\/wp-content\/uploads\/2021\/04\/Booking-Ana-31.01.2019-750x450.png","datePublished":"2021-08-15T17:23:47+00:00","dateModified":"2025-12-13T20:04:55+00:00","description":"L'H\u00f4tel Mignon, au c\u0153ur du centre ville d'Avignon intra-muros, vous r\u00e9serve un accueil chaleureux et personnalis\u00e9 pour ses h\u00f4tes.","breadcrumb":{"@id":"https:\/\/hotel-mignon.com\/accueil\/#breadcrumb"},"inLanguage":"en-GB","potentialAction":[{"@type":"ReadAction","target":["https:\/\/hotel-mignon.com\/accueil\/"]}]},{"@type":"ImageObject","inLanguage":"en-GB","@id":"https:\/\/hotel-mignon.com\/accueil\/#primaryimage","url":"https:\/\/hotel-mignon.com\/wp-content\/uploads\/2021\/04\/Booking-Ana-31.01.2019-750x450.png","contentUrl":"https:\/\/hotel-mignon.com\/wp-content\/uploads\/2021\/04\/Booking-Ana-31.01.2019-750x450.png"},{"@type":"BreadcrumbList","@id":"https:\/\/hotel-mignon.com\/accueil\/#breadcrumb","itemListElement":[{"@type":"ListItem","position":1,"name":"Accueil","item":"https:\/\/hotel-mignon.com\/"},{"@type":"ListItem","position":2,"name":"Accueil"}]},{"@type":"WebSite","@id":"https:\/\/hotel-mignon.com\/#website","url":"https:\/\/hotel-mignon.com\/","name":"H\u00f4tel Mignon","description":"Entre h\u00f4tel et chambre d\u2019h\u00f4te, l&#039;H\u00f4tel Mignon vous accueille dans un cadre unique en plein centre ville d&#039;Avignon.","publisher":{"@id":"https:\/\/hotel-mignon.com\/#organization"},"potentialAction":[{"@type":"SearchAction","target":{"@type":"EntryPoint","urlTemplate":"https:\/\/hotel-mignon.com\/?s={search_term_string}"},"query-input":{"@type":"PropertyValueSpecification","valueRequired":true,"valueName":"search_term_string"}}],"inLanguage":"en-GB"},{"@type":"Organization","@id":"https:\/\/hotel-mignon.com\/#organization","name":"H\u00f4tel Mignon","url":"https:\/\/hotel-mignon.com\/","logo":{"@type":"ImageObject","inLanguage":"en-GB","@id":"https:\/\/hotel-mignon.com\/#\/schema\/logo\/image\/","url":"https:\/\/hotel-mignon.com\/wp-content\/uploads\/2021\/05\/logo-batisse-noir-new-transp-MASTER.png","contentUrl":"https:\/\/hotel-mignon.com\/wp-content\/uploads\/2021\/05\/logo-batisse-noir-new-transp-MASTER.png","width":2596,"height":2960,"caption":"H\u00f4tel Mignon"},"image":{"@id":"https:\/\/hotel-mignon.com\/#\/schema\/logo\/image\/"},"sameAs":["https:\/\/www.facebook.com\/profile.php?id=100063617651045","https:\/\/www.instagram.com\/hotel.mignon\/"]}]}},"_links":{"self":[{"href":"https:\/\/hotel-mignon.com\/en\/wp-json\/wp\/v2\/pages\/4056","targetHints":{"allow":["GET"]}}],"collection":[{"href":"https:\/\/hotel-mignon.com\/en\/wp-json\/wp\/v2\/pages"}],"about":[{"href":"https:\/\/hotel-mignon.com\/en\/wp-json\/wp\/v2\/types\/page"}],"author":[{"embeddable":true,"href":"https:\/\/hotel-mignon.com\/en\/wp-json\/wp\/v2\/users\/2"}],"replies":[{"embeddable":true,"href":"https:\/\/hotel-mignon.com\/en\/wp-json\/wp\/v2\/comments?post=4056"}],"version-history":[{"count":9,"href":"https:\/\/hotel-mignon.com\/en\/wp-json\/wp\/v2\/pages\/4056\/revisions"}],"predecessor-version":[{"id":4871,"href":"https:\/\/hotel-mignon.com\/en\/wp-json\/wp\/v2\/pages\/4056\/revisions\/4871"}],"wp:attachment":[{"href":"https:\/\/hotel-mignon.com\/en\/wp-json\/wp\/v2\/media?parent=4056"}],"curies":[{"name":"wp","href":"https:\/\/api.w.org\/{rel}","templated":true}]}}