{"id":3639,"date":"2021-07-04T00:51:36","date_gmt":"2021-07-03T22:51:36","guid":{"rendered":"https:\/\/hotel-mignon.com\/?page_id=3639"},"modified":"2026-03-31T22:46:05","modified_gmt":"2026-03-31T20:46:05","slug":"parking-centreville-avignon","status":"publish","type":"page","link":"https:\/\/hotel-mignon.com\/en\/parking-centreville-avignon\/","title":{"rendered":"Acc\u00e8s et parking"},"content":{"rendered":"<div data-elementor-type=\"wp-page\" data-elementor-id=\"3639\" class=\"elementor elementor-3639\" data-elementor-post-type=\"page\">\n\t\t\t\t\t\t<section class=\"elementor-section elementor-top-section elementor-element elementor-element-dbb13ba elementor-section-full_width elementor-section-height-default elementor-section-height-default\" data-id=\"dbb13ba\" data-element_type=\"section\" data-e-type=\"section\" data-settings=\"{&quot;background_background&quot;:&quot;classic&quot;}\">\n\t\t\t\t\t\t<div class=\"elementor-container elementor-column-gap-no\">\n\t\t\t\t\t<div class=\"elementor-column elementor-col-100 elementor-top-column elementor-element elementor-element-20fc805\" data-id=\"20fc805\" data-element_type=\"column\" data-e-type=\"column\">\n\t\t\t<div class=\"elementor-widget-wrap elementor-element-populated\">\n\t\t\t\t\t\t<div class=\"elementor-element elementor-element-dae8698 elementor-widget elementor-widget-heading\" data-id=\"dae8698\" data-element_type=\"widget\" data-e-type=\"widget\" data-widget_type=\"heading.default\">\n\t\t\t\t<div class=\"elementor-widget-container\">\n\t\t\t\t\t<h2 class=\"elementor-heading-title elementor-size-default\">ARRIVING AND PARKING<\/h2>\t\t\t\t<\/div>\n\t\t\t\t<\/div>\n\t\t\t\t<div class=\"elementor-element elementor-element-68f1f4d elementor-widget elementor-widget-heading\" data-id=\"68f1f4d\" data-element_type=\"widget\" data-e-type=\"widget\" data-widget_type=\"heading.default\">\n\t\t\t\t<div class=\"elementor-widget-container\">\n\t\t\t\t\t<h2 class=\"elementor-heading-title elementor-size-default\">how to arrive and move in Avignon<\/h2>\t\t\t\t<\/div>\n\t\t\t\t<\/div>\n\t\t\t\t<div class=\"elementor-element elementor-element-f9671f1 AccesText elementor-widget elementor-widget-text-editor\" data-id=\"f9671f1\" data-element_type=\"widget\" data-e-type=\"widget\" data-widget_type=\"text-editor.default\">\n\t\t\t\t<div class=\"elementor-widget-container\">\n\t\t\t\t\t\t\t\t\t<p><strong>H\u00f4tel Mignon &#8211; 12, rue Joseph Vernet, Avignon, France.<\/strong><\/p><p>The H\u00f4tel Mignon is located near the Porte de l\u2019Oulle, just a short walk from the Pont d\u2019Avignon and in the heart of Avignon city center. We recommend the free parking on \u00cele Piot with shuttle service, or the parking at l\u2019Oulle, or the Parking de l\u2019Oratoire very close to the hotel. Avignon has two train stations: Avignon Centre station, a 13-minute walk from the hotel, and Avignon TGV station, an 20 minute drive from the hotel. A bus can also take you to the Porte de l\u2019Oulle in 16 minutes.<\/p>\t\t\t\t\t\t\t\t<\/div>\n\t\t\t\t<\/div>\n\t\t\t\t\t<\/div>\n\t\t<\/div>\n\t\t\t\t\t<\/div>\n\t\t<\/section>\n\t\t\t\t<section class=\"elementor-section elementor-top-section elementor-element elementor-element-bb124c3 elementor-section-full_width elementor-section-height-default elementor-section-height-default\" data-id=\"bb124c3\" data-element_type=\"section\" data-e-type=\"section\">\n\t\t\t\t\t\t<div class=\"elementor-container elementor-column-gap-no\">\n\t\t\t\t\t<div class=\"elementor-column elementor-col-100 elementor-top-column elementor-element elementor-element-e82192f\" data-id=\"e82192f\" data-element_type=\"column\" data-e-type=\"column\">\n\t\t\t<div class=\"elementor-widget-wrap elementor-element-populated\">\n\t\t\t\t\t\t<section class=\"elementor-section elementor-inner-section elementor-element elementor-element-b2ec3db elementor-section-full_width elementor-section-height-default elementor-section-height-default\" data-id=\"b2ec3db\" data-element_type=\"section\" data-e-type=\"section\">\n\t\t\t\t\t\t<div class=\"elementor-container elementor-column-gap-no\">\n\t\t\t\t\t<div class=\"elementor-column elementor-col-100 elementor-inner-column elementor-element elementor-element-f215d5b\" data-id=\"f215d5b\" data-element_type=\"column\" data-e-type=\"column\">\n\t\t\t<div class=\"elementor-widget-wrap\">\n\t\t\t\t\t\t\t<\/div>\n\t\t<\/div>\n\t\t\t\t\t<\/div>\n\t\t<\/section>\n\t\t\t\t\t<\/div>\n\t\t<\/div>\n\t\t\t\t\t<\/div>\n\t\t<\/section>\n\t\t\t\t<section class=\"elementor-section elementor-top-section elementor-element elementor-element-89af348 elementor-section-full_width elementor-section-height-default elementor-section-height-default\" data-id=\"89af348\" data-element_type=\"section\" data-e-type=\"section\">\n\t\t\t\t\t\t<div class=\"elementor-container elementor-column-gap-default\">\n\t\t\t\t\t<div class=\"elementor-column elementor-col-100 elementor-top-column elementor-element elementor-element-96721a5\" data-id=\"96721a5\" data-element_type=\"column\" data-e-type=\"column\">\n\t\t\t<div class=\"elementor-widget-wrap elementor-element-populated\">\n\t\t\t\t\t\t<div class=\"elementor-element elementor-element-f8f1f6e elementor-widget elementor-widget-heading\" data-id=\"f8f1f6e\" data-element_type=\"widget\" data-e-type=\"widget\" data-widget_type=\"heading.default\">\n\t\t\t\t<div class=\"elementor-widget-container\">\n\t\t\t\t\t<h2 class=\"elementor-heading-title elementor-size-default\"><h1 style=\"text-align: center;font-family: Jost\"><span style=\"font-weight: 400;font-size: 2.3rem;color: #b32f00\"> Environing parkings\n<p style=\"font-family: Andellia Davilton\"><span style=\"font-weight: 800\">Free and paid<\/span><\/p><\/span><\/h1><\/h2>\t\t\t\t<\/div>\n\t\t\t\t<\/div>\n\t\t\t\t<div class=\"elementor-element elementor-element-255cfd7 elementor-hidden-mobile elementor-widget elementor-widget-image\" data-id=\"255cfd7\" data-element_type=\"widget\" data-e-type=\"widget\" data-widget_type=\"image.default\">\n\t\t\t\t<div class=\"elementor-widget-container\">\n\t\t\t\t\t\t\t\t\t\t\t\t\t\t\t\t<a href=\"https:\/\/www.openstreetmap.org\/search?query=hotel%20mignon%20avignon#map=19\/43.94980\/4.80371\" target=\"_blank\">\n\t\t\t\t\t\t\t<img fetchpriority=\"high\" decoding=\"async\" width=\"1112\" height=\"720\" src=\"https:\/\/hotel-mignon.com\/wp-content\/uploads\/2023\/10\/PlanParkingsPageWeb-1.jpg\" class=\"attachment-full size-full wp-image-4703\" alt=\"Parking Hotel Mignon\" srcset=\"https:\/\/hotel-mignon.com\/wp-content\/uploads\/2023\/10\/PlanParkingsPageWeb-1.jpg 1112w, https:\/\/hotel-mignon.com\/wp-content\/uploads\/2023\/10\/PlanParkingsPageWeb-1-300x194.jpg 300w, https:\/\/hotel-mignon.com\/wp-content\/uploads\/2023\/10\/PlanParkingsPageWeb-1-1024x663.jpg 1024w, https:\/\/hotel-mignon.com\/wp-content\/uploads\/2023\/10\/PlanParkingsPageWeb-1-768x497.jpg 768w, https:\/\/hotel-mignon.com\/wp-content\/uploads\/2023\/10\/PlanParkingsPageWeb-1-18x12.jpg 18w\" sizes=\"(max-width: 1112px) 100vw, 1112px\" \/>\t\t\t\t\t\t\t\t<\/a>\n\t\t\t\t\t\t\t\t\t\t\t\t\t\t\t<\/div>\n\t\t\t\t<\/div>\n\t\t\t\t\t<\/div>\n\t\t<\/div>\n\t\t\t\t\t<\/div>\n\t\t<\/section>\n\t\t\t\t<section class=\"elementor-section elementor-top-section elementor-element elementor-element-2bf4528 elementor-hidden-desktop elementor-hidden-tablet elementor-section-boxed elementor-section-height-default elementor-section-height-default\" data-id=\"2bf4528\" data-element_type=\"section\" data-e-type=\"section\">\n\t\t\t\t\t\t<div class=\"elementor-container elementor-column-gap-default\">\n\t\t\t\t\t<div class=\"elementor-column elementor-col-100 elementor-top-column elementor-element elementor-element-21740185\" data-id=\"21740185\" data-element_type=\"column\" data-e-type=\"column\">\n\t\t\t<div class=\"elementor-widget-wrap elementor-element-populated\">\n\t\t\t\t\t\t<div class=\"elementor-element elementor-element-9252893 elementor-widget elementor-widget-heading\" data-id=\"9252893\" data-element_type=\"widget\" data-e-type=\"widget\" data-widget_type=\"heading.default\">\n\t\t\t\t<div class=\"elementor-widget-container\">\n\t\t\t\t\t<h2 class=\"elementor-heading-title elementor-size-default\">Contact us<\/h2>\t\t\t\t<\/div>\n\t\t\t\t<\/div>\n\t\t\t\t<div class=\"elementor-element elementor-element-1db2bff6 elementor-widget elementor-widget-shortcode\" data-id=\"1db2bff6\" data-element_type=\"widget\" data-e-type=\"widget\" data-widget_type=\"shortcode.default\">\n\t\t\t\t<div class=\"elementor-widget-container\">\n\t\t\t\t\t\t\t<div class=\"elementor-shortcode\">\n<div class=\"wpcf7 no-js\" id=\"wpcf7-f5185-o1\" lang=\"fr-FR\" dir=\"ltr\" data-wpcf7-id=\"5185\">\n<div class=\"screen-reader-response\"><p role=\"status\" aria-live=\"polite\" aria-atomic=\"true\"><\/p> <ul><\/ul><\/div>\n<form action=\"\/en\/wp-json\/wp\/v2\/pages\/3639#wpcf7-f5185-o1\" method=\"post\" class=\"wpcf7-form init\" aria-label=\"Formulaire de contact\" novalidate=\"novalidate\" data-status=\"init\" data-trp-original-action=\"\/en\/wp-json\/wp\/v2\/pages\/3639#wpcf7-f5185-o1\">\n<fieldset class=\"hidden-fields-container\"><input type=\"hidden\" name=\"_wpcf7\" value=\"5185\" \/><input type=\"hidden\" name=\"_wpcf7_version\" value=\"6.1.5\" \/><input type=\"hidden\" name=\"_wpcf7_locale\" value=\"fr_FR\" \/><input type=\"hidden\" name=\"_wpcf7_unit_tag\" value=\"wpcf7-f5185-o1\" \/><input type=\"hidden\" name=\"_wpcf7_container_post\" value=\"0\" \/><input type=\"hidden\" name=\"_wpcf7_posted_data_hash\" value=\"\" \/>\n<\/fieldset>\n<p><label>Last name and name<br \/>\n<span class=\"wpcf7-form-control-wrap\" data-name=\"your-name\"><input size=\"40\" maxlength=\"400\" class=\"wpcf7-form-control wpcf7-text wpcf7-validates-as-required\" autocomplete=\"name\" aria-required=\"true\" aria-invalid=\"false\" value=\"\" type=\"text\" name=\"your-name\" \/><\/span> <\/label>\n<\/p>\n<p><label>E-mail<br \/>\n<span class=\"wpcf7-form-control-wrap\" data-name=\"your-email\"><input size=\"40\" maxlength=\"400\" class=\"wpcf7-form-control wpcf7-email wpcf7-validates-as-required wpcf7-text wpcf7-validates-as-email\" autocomplete=\"email\" aria-required=\"true\" aria-invalid=\"false\" value=\"\" type=\"email\" name=\"your-email\" \/><\/span> <\/label>\n<\/p>\n<p><label>Subject<br \/>\n<span class=\"wpcf7-form-control-wrap\" data-name=\"your-subject\"><input size=\"40\" maxlength=\"400\" class=\"wpcf7-form-control wpcf7-text wpcf7-validates-as-required\" aria-required=\"true\" aria-invalid=\"false\" value=\"\" type=\"text\" name=\"your-subject\" \/><\/span> <\/label>\n<\/p>\n<p><label>Your question<br \/>\n<span class=\"wpcf7-form-control-wrap\" data-name=\"your-message\"><textarea cols=\"40\" rows=\"10\" maxlength=\"2000\" class=\"wpcf7-form-control wpcf7-textarea wpcf7-validates-as-required\" aria-required=\"true\" aria-invalid=\"false\" name=\"your-message\"><\/textarea><\/span> <\/label>\n<\/p>\n<p><span class=\"wpcf7-form-control-wrap\" data-name=\"hcap-cf7\">\t\t<input\n\t\t\t\ttype=\"hidden\"\n\t\t\t\tclass=\"hcaptcha-widget-id\"\n\t\t\t\tname=\"hcaptcha-widget-id\"\n\t\t\t\tvalue=\"eyJzb3VyY2UiOlsiY29udGFjdC1mb3JtLTdcL3dwLWNvbnRhY3QtZm9ybS03LnBocCJdLCJmb3JtX2lkIjowfQ==-f26b0b9a8d9717565241ccf803ca9899\">\n\t\t\t\t<span id=\"hcap_cf7-69e5b11865ad32.69843830\" class=\"wpcf7-form-control h-captcha\"\n\t\t\tdata-sitekey=\"ae5c8640-47e6-4c1c-98a6-1bd65c7ac8e6\"\n\t\t\tdata-theme=\"light\"\n\t\t\tdata-size=\"normal\"\n\t\t\tdata-auto=\"false\"\n\t\t\tdata-ajax=\"false\"\n\t\t\tdata-force=\"false\">\n\t\t<\/span>\n\t\t<input type=\"hidden\" id=\"_wpnonce\" name=\"_wpnonce\" value=\"80e2970645\" \/><input type=\"hidden\" name=\"_wp_http_referer\" value=\"\/en\/wp-json\/wp\/v2\/pages\/3639\" \/><\/span><input class=\"wpcf7-form-control wpcf7-submit has-spinner\" type=\"submit\" value=\"Send\" \/>\n<\/p><div class=\"wpcf7-response-output\" aria-hidden=\"true\"><\/div>\n<input type=\"hidden\" name=\"trp-form-language\" value=\"en\"\/><\/form>\n<\/div>\n<\/div>\n\t\t\t\t\t\t<\/div>\n\t\t\t\t<\/div>\n\t\t\t\t\t<\/div>\n\t\t<\/div>\n\t\t\t\t\t<\/div>\n\t\t<\/section>\n\t\t\t\t<\/div>","protected":false},"excerpt":{"rendered":"<p>ACC\u00c8S ET PARKING se d\u00e9placer en Avignon H\u00f4tel Mignon &#8211; 12, rue Joseph Vernet, Avignon, France. L\u2019H\u00f4tel Mignon se situe proche de la Porte de l\u2019Oulle \u00e0 deux pas du Pont d\u2019Avignon et en plein coeur du centre ville d&rsquo;Avignon. Nous vous conseillons les parking de l\u2019\u00eele Piot gratuit avec navette ou le parking de [&hellip;]<\/p>\n","protected":false},"author":1,"featured_media":0,"parent":0,"menu_order":0,"comment_status":"closed","ping_status":"closed","template":"","meta":{"footnotes":""},"class_list":["post-3639","page","type-page","status-publish","hentry"],"yoast_head":"<!-- This site is optimized with the Yoast SEO plugin v27.4 - https:\/\/yoast.com\/product\/yoast-seo-wordpress\/ -->\n<title>Avignon-Acc\u00e8s-Parking-Train-Centreville<\/title>\n<meta name=\"description\" content=\"Vous pouvez arriver \u00e0 l&#039;H\u00f4tel Mignon par train ou voiture. Il y a plusieurs possibilit\u00e9s de parking aux alentours\" \/>\n<meta name=\"robots\" content=\"index, follow, max-snippet:-1, max-image-preview:large, max-video-preview:-1\" \/>\n<link rel=\"canonical\" href=\"https:\/\/hotel-mignon.com\/en\/parking-centreville-avignon\/\" \/>\n<meta property=\"og:locale\" content=\"en_GB\" \/>\n<meta property=\"og:type\" content=\"article\" \/>\n<meta property=\"og:title\" content=\"Avignon-Acc\u00e8s-Parking-Train-Centreville\" \/>\n<meta property=\"og:description\" content=\"Vous pouvez arriver \u00e0 l&#039;H\u00f4tel Mignon par train ou voiture. Il y a plusieurs possibilit\u00e9s de parking aux alentours\" \/>\n<meta property=\"og:url\" content=\"https:\/\/hotel-mignon.com\/en\/parking-centreville-avignon\/\" \/>\n<meta property=\"og:site_name\" content=\"H\u00f4tel Mignon\" \/>\n<meta property=\"article:publisher\" content=\"https:\/\/www.facebook.com\/profile.php?id=100063617651045\" \/>\n<meta property=\"article:modified_time\" content=\"2026-03-31T20:46:05+00:00\" \/>\n<meta property=\"og:image\" content=\"https:\/\/hotel-mignon.com\/wp-content\/uploads\/2023\/10\/PlanParkingsPageWeb-1.jpg\" \/>\n\t<meta property=\"og:image:width\" content=\"1112\" \/>\n\t<meta property=\"og:image:height\" content=\"720\" \/>\n\t<meta property=\"og:image:type\" content=\"image\/jpeg\" \/>\n<meta name=\"twitter:card\" content=\"summary_large_image\" \/>\n<meta name=\"twitter:label1\" content=\"Estimated reading time\" \/>\n\t<meta name=\"twitter:data1\" content=\"1 minute\" \/>\n<script type=\"application\/ld+json\" class=\"yoast-schema-graph\">{\"@context\":\"https:\\\/\\\/schema.org\",\"@graph\":[{\"@type\":\"WebPage\",\"@id\":\"https:\\\/\\\/hotel-mignon.com\\\/parking-centreville-avignon\\\/\",\"url\":\"https:\\\/\\\/hotel-mignon.com\\\/parking-centreville-avignon\\\/\",\"name\":\"Avignon-Acc\u00e8s-Parking-Train-Centreville\",\"isPartOf\":{\"@id\":\"https:\\\/\\\/hotel-mignon.com\\\/#website\"},\"primaryImageOfPage\":{\"@id\":\"https:\\\/\\\/hotel-mignon.com\\\/parking-centreville-avignon\\\/#primaryimage\"},\"image\":{\"@id\":\"https:\\\/\\\/hotel-mignon.com\\\/parking-centreville-avignon\\\/#primaryimage\"},\"thumbnailUrl\":\"https:\\\/\\\/hotel-mignon.com\\\/wp-content\\\/uploads\\\/2023\\\/10\\\/PlanParkingsPageWeb-1.jpg\",\"datePublished\":\"2021-07-03T22:51:36+00:00\",\"dateModified\":\"2026-03-31T20:46:05+00:00\",\"description\":\"Vous pouvez arriver \u00e0 l'H\u00f4tel Mignon par train ou voiture. Il y a plusieurs possibilit\u00e9s de parking aux alentours\",\"breadcrumb\":{\"@id\":\"https:\\\/\\\/hotel-mignon.com\\\/parking-centreville-avignon\\\/#breadcrumb\"},\"inLanguage\":\"en-GB\",\"potentialAction\":[{\"@type\":\"ReadAction\",\"target\":[\"https:\\\/\\\/hotel-mignon.com\\\/parking-centreville-avignon\\\/\"]}]},{\"@type\":\"ImageObject\",\"inLanguage\":\"en-GB\",\"@id\":\"https:\\\/\\\/hotel-mignon.com\\\/parking-centreville-avignon\\\/#primaryimage\",\"url\":\"https:\\\/\\\/hotel-mignon.com\\\/wp-content\\\/uploads\\\/2023\\\/10\\\/PlanParkingsPageWeb-1.jpg\",\"contentUrl\":\"https:\\\/\\\/hotel-mignon.com\\\/wp-content\\\/uploads\\\/2023\\\/10\\\/PlanParkingsPageWeb-1.jpg\"},{\"@type\":\"BreadcrumbList\",\"@id\":\"https:\\\/\\\/hotel-mignon.com\\\/parking-centreville-avignon\\\/#breadcrumb\",\"itemListElement\":[{\"@type\":\"ListItem\",\"position\":1,\"name\":\"Accueil\",\"item\":\"https:\\\/\\\/hotel-mignon.com\\\/\"},{\"@type\":\"ListItem\",\"position\":2,\"name\":\"Acc\u00e8s\"}]},{\"@type\":\"WebSite\",\"@id\":\"https:\\\/\\\/hotel-mignon.com\\\/#website\",\"url\":\"https:\\\/\\\/hotel-mignon.com\\\/\",\"name\":\"H\u00f4tel Mignon\",\"description\":\"Entre h\u00f4tel et chambre d\u2019h\u00f4te, l&#039;H\u00f4tel Mignon vous accueille dans un cadre unique en plein centre ville d&#039;Avignon.\",\"publisher\":{\"@id\":\"https:\\\/\\\/hotel-mignon.com\\\/#organization\"},\"potentialAction\":[{\"@type\":\"SearchAction\",\"target\":{\"@type\":\"EntryPoint\",\"urlTemplate\":\"https:\\\/\\\/hotel-mignon.com\\\/?s={search_term_string}\"},\"query-input\":{\"@type\":\"PropertyValueSpecification\",\"valueRequired\":true,\"valueName\":\"search_term_string\"}}],\"inLanguage\":\"en-GB\"},{\"@type\":\"Organization\",\"@id\":\"https:\\\/\\\/hotel-mignon.com\\\/#organization\",\"name\":\"H\u00f4tel Mignon\",\"url\":\"https:\\\/\\\/hotel-mignon.com\\\/\",\"logo\":{\"@type\":\"ImageObject\",\"inLanguage\":\"en-GB\",\"@id\":\"https:\\\/\\\/hotel-mignon.com\\\/#\\\/schema\\\/logo\\\/image\\\/\",\"url\":\"https:\\\/\\\/hotel-mignon.com\\\/wp-content\\\/uploads\\\/2021\\\/05\\\/logo-batisse-noir-new-transp-MASTER.png\",\"contentUrl\":\"https:\\\/\\\/hotel-mignon.com\\\/wp-content\\\/uploads\\\/2021\\\/05\\\/logo-batisse-noir-new-transp-MASTER.png\",\"width\":2596,\"height\":2960,\"caption\":\"H\u00f4tel Mignon\"},\"image\":{\"@id\":\"https:\\\/\\\/hotel-mignon.com\\\/#\\\/schema\\\/logo\\\/image\\\/\"},\"sameAs\":[\"https:\\\/\\\/www.facebook.com\\\/profile.php?id=100063617651045\",\"https:\\\/\\\/www.instagram.com\\\/hotel.mignon\\\/\"]}]}<\/script>\n<!-- \/ Yoast SEO plugin. -->","yoast_head_json":{"title":"Avignon-Acc\u00e8s-Parking-Train-Centreville","description":"Vous pouvez arriver \u00e0 l'H\u00f4tel Mignon par train ou voiture. Il y a plusieurs possibilit\u00e9s de parking aux alentours","robots":{"index":"index","follow":"follow","max-snippet":"max-snippet:-1","max-image-preview":"max-image-preview:large","max-video-preview":"max-video-preview:-1"},"canonical":"https:\/\/hotel-mignon.com\/en\/parking-centreville-avignon\/","og_locale":"en_GB","og_type":"article","og_title":"Avignon-Acc\u00e8s-Parking-Train-Centreville","og_description":"Vous pouvez arriver \u00e0 l'H\u00f4tel Mignon par train ou voiture. Il y a plusieurs possibilit\u00e9s de parking aux alentours","og_url":"https:\/\/hotel-mignon.com\/en\/parking-centreville-avignon\/","og_site_name":"H\u00f4tel Mignon","article_publisher":"https:\/\/www.facebook.com\/profile.php?id=100063617651045","article_modified_time":"2026-03-31T20:46:05+00:00","og_image":[{"width":1112,"height":720,"url":"https:\/\/hotel-mignon.com\/wp-content\/uploads\/2023\/10\/PlanParkingsPageWeb-1.jpg","type":"image\/jpeg"}],"twitter_card":"summary_large_image","twitter_misc":{"Estimated reading time":"1 minute"},"schema":{"@context":"https:\/\/schema.org","@graph":[{"@type":"WebPage","@id":"https:\/\/hotel-mignon.com\/parking-centreville-avignon\/","url":"https:\/\/hotel-mignon.com\/parking-centreville-avignon\/","name":"Avignon-Acc\u00e8s-Parking-Train-Centreville","isPartOf":{"@id":"https:\/\/hotel-mignon.com\/#website"},"primaryImageOfPage":{"@id":"https:\/\/hotel-mignon.com\/parking-centreville-avignon\/#primaryimage"},"image":{"@id":"https:\/\/hotel-mignon.com\/parking-centreville-avignon\/#primaryimage"},"thumbnailUrl":"https:\/\/hotel-mignon.com\/wp-content\/uploads\/2023\/10\/PlanParkingsPageWeb-1.jpg","datePublished":"2021-07-03T22:51:36+00:00","dateModified":"2026-03-31T20:46:05+00:00","description":"Vous pouvez arriver \u00e0 l'H\u00f4tel Mignon par train ou voiture. Il y a plusieurs possibilit\u00e9s de parking aux alentours","breadcrumb":{"@id":"https:\/\/hotel-mignon.com\/parking-centreville-avignon\/#breadcrumb"},"inLanguage":"en-GB","potentialAction":[{"@type":"ReadAction","target":["https:\/\/hotel-mignon.com\/parking-centreville-avignon\/"]}]},{"@type":"ImageObject","inLanguage":"en-GB","@id":"https:\/\/hotel-mignon.com\/parking-centreville-avignon\/#primaryimage","url":"https:\/\/hotel-mignon.com\/wp-content\/uploads\/2023\/10\/PlanParkingsPageWeb-1.jpg","contentUrl":"https:\/\/hotel-mignon.com\/wp-content\/uploads\/2023\/10\/PlanParkingsPageWeb-1.jpg"},{"@type":"BreadcrumbList","@id":"https:\/\/hotel-mignon.com\/parking-centreville-avignon\/#breadcrumb","itemListElement":[{"@type":"ListItem","position":1,"name":"Accueil","item":"https:\/\/hotel-mignon.com\/"},{"@type":"ListItem","position":2,"name":"Acc\u00e8s"}]},{"@type":"WebSite","@id":"https:\/\/hotel-mignon.com\/#website","url":"https:\/\/hotel-mignon.com\/","name":"H\u00f4tel Mignon","description":"Entre h\u00f4tel et chambre d\u2019h\u00f4te, l&#039;H\u00f4tel Mignon vous accueille dans un cadre unique en plein centre ville d&#039;Avignon.","publisher":{"@id":"https:\/\/hotel-mignon.com\/#organization"},"potentialAction":[{"@type":"SearchAction","target":{"@type":"EntryPoint","urlTemplate":"https:\/\/hotel-mignon.com\/?s={search_term_string}"},"query-input":{"@type":"PropertyValueSpecification","valueRequired":true,"valueName":"search_term_string"}}],"inLanguage":"en-GB"},{"@type":"Organization","@id":"https:\/\/hotel-mignon.com\/#organization","name":"H\u00f4tel Mignon","url":"https:\/\/hotel-mignon.com\/","logo":{"@type":"ImageObject","inLanguage":"en-GB","@id":"https:\/\/hotel-mignon.com\/#\/schema\/logo\/image\/","url":"https:\/\/hotel-mignon.com\/wp-content\/uploads\/2021\/05\/logo-batisse-noir-new-transp-MASTER.png","contentUrl":"https:\/\/hotel-mignon.com\/wp-content\/uploads\/2021\/05\/logo-batisse-noir-new-transp-MASTER.png","width":2596,"height":2960,"caption":"H\u00f4tel Mignon"},"image":{"@id":"https:\/\/hotel-mignon.com\/#\/schema\/logo\/image\/"},"sameAs":["https:\/\/www.facebook.com\/profile.php?id=100063617651045","https:\/\/www.instagram.com\/hotel.mignon\/"]}]}},"_links":{"self":[{"href":"https:\/\/hotel-mignon.com\/en\/wp-json\/wp\/v2\/pages\/3639","targetHints":{"allow":["GET"]}}],"collection":[{"href":"https:\/\/hotel-mignon.com\/en\/wp-json\/wp\/v2\/pages"}],"about":[{"href":"https:\/\/hotel-mignon.com\/en\/wp-json\/wp\/v2\/types\/page"}],"author":[{"embeddable":true,"href":"https:\/\/hotel-mignon.com\/en\/wp-json\/wp\/v2\/users\/1"}],"replies":[{"embeddable":true,"href":"https:\/\/hotel-mignon.com\/en\/wp-json\/wp\/v2\/comments?post=3639"}],"version-history":[{"count":63,"href":"https:\/\/hotel-mignon.com\/en\/wp-json\/wp\/v2\/pages\/3639\/revisions"}],"predecessor-version":[{"id":6620,"href":"https:\/\/hotel-mignon.com\/en\/wp-json\/wp\/v2\/pages\/3639\/revisions\/6620"}],"wp:attachment":[{"href":"https:\/\/hotel-mignon.com\/en\/wp-json\/wp\/v2\/media?parent=3639"}],"curies":[{"name":"wp","href":"https:\/\/api.w.org\/{rel}","templated":true}]}}